{"id":66505,"date":"2023-06-13T16:25:29","date_gmt":"2023-06-13T15:25:29","guid":{"rendered":"https:\/\/shop.ngi.be\/?page_id=66505"},"modified":"2026-03-02T11:34:59","modified_gmt":"2026-03-02T10:34:59","slug":"reductions-cadastrales-1847-1854","status":"publish","type":"page","link":"https:\/\/shop.ngi.be\/fr\/cartes-historiques\/reductions-cadastrales-1847-1854\/","title":{"rendered":"R\u00e9ductions cadastrales (1847-1855)"},"content":{"rendered":"<h4 data-wp-editing=\"1\"><img loading=\"lazy\" decoding=\"async\" class=\"size-full wp-image-77994 aligncenter\" src=\"https:\/\/shop.ngi.be\/wp-content\/uploads\/2025\/06\/Atlas-cadastre-reduit-long-Namur-AR.png\" alt=\"\" width=\"1094\" height=\"400\" srcset=\"https:\/\/shop.ngi.be\/wp-content\/uploads\/2025\/06\/Atlas-cadastre-reduit-long-Namur-AR.png 1094w, https:\/\/shop.ngi.be\/wp-content\/uploads\/2025\/06\/Atlas-cadastre-reduit-long-Namur-AR-960x351.png 960w, https:\/\/shop.ngi.be\/wp-content\/uploads\/2025\/06\/Atlas-cadastre-reduit-long-Namur-AR-768x281.png 768w, https:\/\/shop.ngi.be\/wp-content\/uploads\/2025\/06\/Atlas-cadastre-reduit-long-Namur-AR-416x152.png 416w\" sizes=\"auto, (max-width: 1094px) 100vw, 1094px\" \/>Historique<\/h4>\n<p>Les r\u00e9ductions cadastrales sont une s\u00e9rie de plans de toutes les communes belges r\u00e9duits \u00e0 l\u2019\u00e9chelle 1:20\u00a0000. Ces plans ont d\u00e9j\u00e0 servi de base aux premi\u00e8res s\u00e9ries de cartes topographiques du D\u00e9p\u00f4t de la Guerre, pr\u00e9d\u00e9cesseur de l\u2019Institut g\u00e9ographique national.<\/p>\n<p>Les r\u00e9ductions cadastrales se fondent sur les plans cadastraux primitifs originaux des communes belges. Les plans parcellaires, qui repr\u00e9sentent les communes \u00e0 de grandes \u00e9chelles telles que le 1:2\u00a0500<sup>e<\/sup>, ont \u00e9t\u00e9 assembl\u00e9s et r\u00e9duits \u00e0 l\u2019\u00e9chelle 1:20 000. Ces plans r\u00e9duits ont ensuite \u00e9t\u00e9 compl\u00e9t\u00e9s de donn\u00e9es topographiques sur le terrain. Ils ont ainsi servi de base topographique aux premi\u00e8res s\u00e9ries de cartes d\u2019\u00e9tat-major. Ces r\u00e9ductions ont \u00e9t\u00e9 r\u00e9alis\u00e9es entre 1847 et 1855 et donnent une belle image historique des communes belges avant la r\u00e9alisation des premi\u00e8res cartes d\u2019\u00e9tat-major officielles.<\/p>\n<p>Les plans cadastraux primitifs, sur lesquels les r\u00e9ductions cadastrales sont bas\u00e9es, ont \u00e9t\u00e9 dress\u00e9s entre 1826 et 1843. Ces plans sont conserv\u00e9s par les Archives de l\u2019\u00c9tat et peuvent \u00eatre <a href=\"https:\/\/search.arch.be\/ead\/BE-A0550_007345_007065_DUT\" target=\"_blank\" rel=\"noopener\">consult\u00e9s en ligne<\/a> en cr\u00e9ant un compte sur le site web.<\/p>\n<h4>Offre<\/h4>\n<p>Nous poss\u00e9dons une collection de quelque 2500 r\u00e9ductions cadastrales de communes belges \u00e0 l\u2019\u00e9chelle 1:20 000 datant de la p\u00e9riode 1847-1855. Ces cartes mesurent environ 54 cm sur 37 cm.<\/p>\n<h4>Prix<\/h4>\n<p>Cette carte co\u00fbte 23 \u20ac en version imprim\u00e9e et 45 \u20ac en version num\u00e9rique.<\/p>\n<p>La plastification est r\u00e9alisable sur demande avec un co\u00fbt suppl\u00e9mentaire de 7\u00a0\u20ac (brillant\/brillant), 13\u00a0\u20ac (brillant\/mat) ou 18\u00a0\u20ac (mat\/mat).<\/p>\n<p>Vous pouvez venir chercher la carte dans notre boutique \u00e0 Bruxelles ou la faire exp\u00e9dier par bpost. En cas d\u2019envoi postal, des frais de port (11 \u20ac) sont factur\u00e9s pour vous faire parvenir votre carte via Track &amp; Trace.<\/p>\n<div class=\"table-wrapper\"><table>\n<tbody>\n<tr>\n<td width=\"301\">\n<p style=\"text-align: center;\"><a class=\"btn btn-outline-primary\" href=\"mailto:sales@ngi.be?SUBJECT=Cartes historiques\" rel=\"noopener\">Nous contacter<\/a><\/p>\n<\/td>\n<td width=\"301\">\n<p style=\"text-align: center;\"><a class=\"btn btn-outline-primary\" href=\"https:\/\/shop.ngi.be\/wp-content\/uploads\/2026\/03\/03.Formulaire_cartes-historiques_v7FR.docx\" rel=\"noopener\">Formulaire de commande de cartes<\/a><\/p>\n<\/td>\n<\/tr>\n<\/tbody>\n<\/table><\/div>\n<h4>Exemple<\/h4>\n<figure id=\"attachment_76990\" aria-describedby=\"caption-attachment-76990\" style=\"width: 300px\" class=\"wp-caption aligncenter\"><a href=\"https:\/\/shop.ngi.be\/wp-content\/uploads\/2025\/04\/Registre-cadastral-bon-logo.png\" target=\"_blank\" rel=\"noopener\"><img loading=\"lazy\" decoding=\"async\" class=\"wp-image-76990\" title=\"Cliquez ici pour agrandir\" src=\"https:\/\/shop.ngi.be\/wp-content\/uploads\/2025\/04\/Registre-cadastral-bon-logo.png\" alt=\"\" width=\"300\" height=\"194\" srcset=\"https:\/\/shop.ngi.be\/wp-content\/uploads\/2025\/04\/Registre-cadastral-bon-logo.png 1920w, https:\/\/shop.ngi.be\/wp-content\/uploads\/2025\/04\/Registre-cadastral-bon-logo-960x622.png 960w, https:\/\/shop.ngi.be\/wp-content\/uploads\/2025\/04\/Registre-cadastral-bon-logo-1720x1114.png 1720w, https:\/\/shop.ngi.be\/wp-content\/uploads\/2025\/04\/Registre-cadastral-bon-logo-768x498.png 768w, https:\/\/shop.ngi.be\/wp-content\/uploads\/2025\/04\/Registre-cadastral-bon-logo-1536x995.png 1536w, https:\/\/shop.ngi.be\/wp-content\/uploads\/2025\/04\/Registre-cadastral-bon-logo-416x270.png 416w, https:\/\/shop.ngi.be\/wp-content\/uploads\/2025\/04\/Registre-cadastral-bon-logo-1200x778.png 1200w, https:\/\/shop.ngi.be\/wp-content\/uploads\/2025\/04\/Registre-cadastral-bon-logo-560x360.png 560w\" sizes=\"auto, (max-width: 300px) 100vw, 300px\" \/><\/a><figcaption id=\"caption-attachment-76990\" class=\"wp-caption-text\">Namur &#8211; \u00e9chelle 1:20 000<\/figcaption><\/figure>\n<p>&nbsp;<\/p>\n","protected":false},"excerpt":{"rendered":"<p>Historique Les r\u00e9ductions cadastrales sont une s\u00e9rie de plans de toutes les communes belges r\u00e9duits \u00e0 l\u2019\u00e9chelle 1:20\u00a0000. Ces plans ont d\u00e9j\u00e0 servi de base aux premi\u00e8res s\u00e9ries de cartes topographiques du D\u00e9p\u00f4t de la Guerre, pr\u00e9d\u00e9cesseur de l\u2019Institut g\u00e9ographique national. Les r\u00e9ductions cadastrales se fondent sur les plans cadastraux primitifs originaux des communes belges. [&hellip;]<\/p>\n","protected":false},"author":8,"featured_media":0,"parent":48078,"menu_order":70,"comment_status":"closed","ping_status":"closed","template":"template-fullwidth.php","meta":{"_acf_changed":false,"footnotes":""},"class_list":["post-66505","page","type-page","status-publish","hentry"],"acf":[],"yoast_head":"<!-- This site is optimized with the Yoast SEO plugin v26.6 - https:\/\/yoast.com\/wordpress\/plugins\/seo\/ -->\n<title>R\u00e9ductions cadastrales (1847-1855) - Webshop de l&#039;Institut g\u00e9ographique national<\/title>\n<meta name=\"robots\" content=\"index, follow, max-snippet:-1, max-image-preview:large, max-video-preview:-1\" \/>\n<link rel=\"canonical\" href=\"https:\/\/shop.ngi.be\/fr\/cartes-historiques\/reductions-cadastrales-1847-1854\/\" \/>\n<meta property=\"og:locale\" content=\"fr_FR\" \/>\n<meta property=\"og:type\" content=\"article\" \/>\n<meta property=\"og:title\" content=\"R\u00e9ductions cadastrales (1847-1855) - Webshop de l&#039;Institut g\u00e9ographique national\" \/>\n<meta property=\"og:description\" content=\"Historique Les r\u00e9ductions cadastrales sont une s\u00e9rie de plans de toutes les communes belges r\u00e9duits \u00e0 l\u2019\u00e9chelle 1:20\u00a0000. Ces plans ont d\u00e9j\u00e0 servi de base aux premi\u00e8res s\u00e9ries de cartes topographiques du D\u00e9p\u00f4t de la Guerre, pr\u00e9d\u00e9cesseur de l\u2019Institut g\u00e9ographique national. Les r\u00e9ductions cadastrales se fondent sur les plans cadastraux primitifs originaux des communes belges. [&hellip;]\" \/>\n<meta property=\"og:url\" content=\"https:\/\/shop.ngi.be\/fr\/cartes-historiques\/reductions-cadastrales-1847-1854\/\" \/>\n<meta property=\"og:site_name\" content=\"Webshop de l&#039;Institut g\u00e9ographique national\" \/>\n<meta property=\"article:modified_time\" content=\"2026-03-02T10:34:59+00:00\" \/>\n<meta property=\"og:image\" content=\"https:\/\/shop.ngi.be\/wp-content\/uploads\/2025\/06\/Atlas-cadastre-reduit-long-Namur-AR.png\" \/>\n\t<meta property=\"og:image:width\" content=\"1094\" \/>\n\t<meta property=\"og:image:height\" content=\"400\" \/>\n\t<meta property=\"og:image:type\" content=\"image\/png\" \/>\n<meta name=\"twitter:card\" content=\"summary_large_image\" \/>\n<meta name=\"twitter:label1\" content=\"Dur\u00e9e de lecture estim\u00e9e\" \/>\n\t<meta name=\"twitter:data1\" content=\"2 minutes\" \/>\n<script type=\"application\/ld+json\" class=\"yoast-schema-graph\">{\"@context\":\"https:\/\/schema.org\",\"@graph\":[{\"@type\":\"WebPage\",\"@id\":\"https:\/\/shop.ngi.be\/fr\/cartes-historiques\/reductions-cadastrales-1847-1854\/\",\"url\":\"https:\/\/shop.ngi.be\/fr\/cartes-historiques\/reductions-cadastrales-1847-1854\/\",\"name\":\"R\u00e9ductions cadastrales (1847-1855) - Webshop de l'Institut g\u00e9ographique national\",\"isPartOf\":{\"@id\":\"https:\/\/shop.ngi.be\/nl\/#website\"},\"primaryImageOfPage\":{\"@id\":\"https:\/\/shop.ngi.be\/fr\/cartes-historiques\/reductions-cadastrales-1847-1854\/#primaryimage\"},\"image\":{\"@id\":\"https:\/\/shop.ngi.be\/fr\/cartes-historiques\/reductions-cadastrales-1847-1854\/#primaryimage\"},\"thumbnailUrl\":\"https:\/\/shop.ngi.be\/wp-content\/uploads\/2025\/06\/Atlas-cadastre-reduit-long-Namur-AR.png\",\"datePublished\":\"2023-06-13T15:25:29+00:00\",\"dateModified\":\"2026-03-02T10:34:59+00:00\",\"breadcrumb\":{\"@id\":\"https:\/\/shop.ngi.be\/fr\/cartes-historiques\/reductions-cadastrales-1847-1854\/#breadcrumb\"},\"inLanguage\":\"fr-FR\",\"potentialAction\":[{\"@type\":\"ReadAction\",\"target\":[\"https:\/\/shop.ngi.be\/fr\/cartes-historiques\/reductions-cadastrales-1847-1854\/\"]}]},{\"@type\":\"ImageObject\",\"inLanguage\":\"fr-FR\",\"@id\":\"https:\/\/shop.ngi.be\/fr\/cartes-historiques\/reductions-cadastrales-1847-1854\/#primaryimage\",\"url\":\"https:\/\/shop.ngi.be\/wp-content\/uploads\/2025\/06\/Atlas-cadastre-reduit-long-Namur-AR.png\",\"contentUrl\":\"https:\/\/shop.ngi.be\/wp-content\/uploads\/2025\/06\/Atlas-cadastre-reduit-long-Namur-AR.png\"},{\"@type\":\"BreadcrumbList\",\"@id\":\"https:\/\/shop.ngi.be\/fr\/cartes-historiques\/reductions-cadastrales-1847-1854\/#breadcrumb\",\"itemListElement\":[{\"@type\":\"ListItem\",\"position\":1,\"name\":\"Home\",\"item\":\"https:\/\/shop.ngi.be\/fr\/\"},{\"@type\":\"ListItem\",\"position\":2,\"name\":\"Cartes Historiques\",\"item\":\"https:\/\/shop.ngi.be\/fr\/cartes-historiques\/\"},{\"@type\":\"ListItem\",\"position\":3,\"name\":\"R\u00e9ductions cadastrales (1847-1855)\"}]},{\"@type\":\"WebSite\",\"@id\":\"https:\/\/shop.ngi.be\/nl\/#website\",\"url\":\"https:\/\/shop.ngi.be\/nl\/\",\"name\":\"Webshop de l'Institut g\u00e9ographique national\",\"description\":\"Cartes topographiques, databases, orthophotos et photos a\u00e9riennes\",\"potentialAction\":[{\"@type\":\"SearchAction\",\"target\":{\"@type\":\"EntryPoint\",\"urlTemplate\":\"https:\/\/shop.ngi.be\/nl\/?s={search_term_string}\"},\"query-input\":{\"@type\":\"PropertyValueSpecification\",\"valueRequired\":true,\"valueName\":\"search_term_string\"}}],\"inLanguage\":\"fr-FR\"}]}<\/script>\n<!-- \/ Yoast SEO plugin. -->","yoast_head_json":{"title":"R\u00e9ductions cadastrales (1847-1855) - Webshop de l'Institut g\u00e9ographique national","robots":{"index":"index","follow":"follow","max-snippet":"max-snippet:-1","max-image-preview":"max-image-preview:large","max-video-preview":"max-video-preview:-1"},"canonical":"https:\/\/shop.ngi.be\/fr\/cartes-historiques\/reductions-cadastrales-1847-1854\/","og_locale":"fr_FR","og_type":"article","og_title":"R\u00e9ductions cadastrales (1847-1855) - Webshop de l'Institut g\u00e9ographique national","og_description":"Historique Les r\u00e9ductions cadastrales sont une s\u00e9rie de plans de toutes les communes belges r\u00e9duits \u00e0 l\u2019\u00e9chelle 1:20\u00a0000. Ces plans ont d\u00e9j\u00e0 servi de base aux premi\u00e8res s\u00e9ries de cartes topographiques du D\u00e9p\u00f4t de la Guerre, pr\u00e9d\u00e9cesseur de l\u2019Institut g\u00e9ographique national. Les r\u00e9ductions cadastrales se fondent sur les plans cadastraux primitifs originaux des communes belges. [&hellip;]","og_url":"https:\/\/shop.ngi.be\/fr\/cartes-historiques\/reductions-cadastrales-1847-1854\/","og_site_name":"Webshop de l'Institut g\u00e9ographique national","article_modified_time":"2026-03-02T10:34:59+00:00","og_image":[{"width":1094,"height":400,"url":"https:\/\/shop.ngi.be\/wp-content\/uploads\/2025\/06\/Atlas-cadastre-reduit-long-Namur-AR.png","type":"image\/png"}],"twitter_card":"summary_large_image","twitter_misc":{"Dur\u00e9e de lecture estim\u00e9e":"2 minutes"},"schema":{"@context":"https:\/\/schema.org","@graph":[{"@type":"WebPage","@id":"https:\/\/shop.ngi.be\/fr\/cartes-historiques\/reductions-cadastrales-1847-1854\/","url":"https:\/\/shop.ngi.be\/fr\/cartes-historiques\/reductions-cadastrales-1847-1854\/","name":"R\u00e9ductions cadastrales (1847-1855) - Webshop de l'Institut g\u00e9ographique national","isPartOf":{"@id":"https:\/\/shop.ngi.be\/nl\/#website"},"primaryImageOfPage":{"@id":"https:\/\/shop.ngi.be\/fr\/cartes-historiques\/reductions-cadastrales-1847-1854\/#primaryimage"},"image":{"@id":"https:\/\/shop.ngi.be\/fr\/cartes-historiques\/reductions-cadastrales-1847-1854\/#primaryimage"},"thumbnailUrl":"https:\/\/shop.ngi.be\/wp-content\/uploads\/2025\/06\/Atlas-cadastre-reduit-long-Namur-AR.png","datePublished":"2023-06-13T15:25:29+00:00","dateModified":"2026-03-02T10:34:59+00:00","breadcrumb":{"@id":"https:\/\/shop.ngi.be\/fr\/cartes-historiques\/reductions-cadastrales-1847-1854\/#breadcrumb"},"inLanguage":"fr-FR","potentialAction":[{"@type":"ReadAction","target":["https:\/\/shop.ngi.be\/fr\/cartes-historiques\/reductions-cadastrales-1847-1854\/"]}]},{"@type":"ImageObject","inLanguage":"fr-FR","@id":"https:\/\/shop.ngi.be\/fr\/cartes-historiques\/reductions-cadastrales-1847-1854\/#primaryimage","url":"https:\/\/shop.ngi.be\/wp-content\/uploads\/2025\/06\/Atlas-cadastre-reduit-long-Namur-AR.png","contentUrl":"https:\/\/shop.ngi.be\/wp-content\/uploads\/2025\/06\/Atlas-cadastre-reduit-long-Namur-AR.png"},{"@type":"BreadcrumbList","@id":"https:\/\/shop.ngi.be\/fr\/cartes-historiques\/reductions-cadastrales-1847-1854\/#breadcrumb","itemListElement":[{"@type":"ListItem","position":1,"name":"Home","item":"https:\/\/shop.ngi.be\/fr\/"},{"@type":"ListItem","position":2,"name":"Cartes Historiques","item":"https:\/\/shop.ngi.be\/fr\/cartes-historiques\/"},{"@type":"ListItem","position":3,"name":"R\u00e9ductions cadastrales (1847-1855)"}]},{"@type":"WebSite","@id":"https:\/\/shop.ngi.be\/nl\/#website","url":"https:\/\/shop.ngi.be\/nl\/","name":"Webshop de l'Institut g\u00e9ographique national","description":"Cartes topographiques, databases, orthophotos et photos a\u00e9riennes","potentialAction":[{"@type":"SearchAction","target":{"@type":"EntryPoint","urlTemplate":"https:\/\/shop.ngi.be\/nl\/?s={search_term_string}"},"query-input":{"@type":"PropertyValueSpecification","valueRequired":true,"valueName":"search_term_string"}}],"inLanguage":"fr-FR"}]}},"_links":{"self":[{"href":"https:\/\/shop.ngi.be\/fr\/wp-json\/wp\/v2\/pages\/66505","targetHints":{"allow":["GET"]}}],"collection":[{"href":"https:\/\/shop.ngi.be\/fr\/wp-json\/wp\/v2\/pages"}],"about":[{"href":"https:\/\/shop.ngi.be\/fr\/wp-json\/wp\/v2\/types\/page"}],"author":[{"embeddable":true,"href":"https:\/\/shop.ngi.be\/fr\/wp-json\/wp\/v2\/users\/8"}],"replies":[{"embeddable":true,"href":"https:\/\/shop.ngi.be\/fr\/wp-json\/wp\/v2\/comments?post=66505"}],"version-history":[{"count":13,"href":"https:\/\/shop.ngi.be\/fr\/wp-json\/wp\/v2\/pages\/66505\/revisions"}],"predecessor-version":[{"id":84328,"href":"https:\/\/shop.ngi.be\/fr\/wp-json\/wp\/v2\/pages\/66505\/revisions\/84328"}],"up":[{"embeddable":true,"href":"https:\/\/shop.ngi.be\/fr\/wp-json\/wp\/v2\/pages\/48078"}],"wp:attachment":[{"href":"https:\/\/shop.ngi.be\/fr\/wp-json\/wp\/v2\/media?parent=66505"}],"curies":[{"name":"wp","href":"https:\/\/api.w.org\/{rel}","templated":true}]}}