{"id":66525,"date":"2023-06-14T13:59:00","date_gmt":"2023-06-14T12:59:00","guid":{"rendered":"https:\/\/shop.ngi.be\/?page_id=66525"},"modified":"2026-03-02T11:55:46","modified_gmt":"2026-03-02T10:55:46","slug":"cartes-topographiques-a-lechelle-140-000-1861-1948","status":"publish","type":"page","link":"https:\/\/shop.ngi.be\/fr\/cartes-historiques\/cartes-topographiques-a-lechelle-140-000-1861-1948\/","title":{"rendered":"Cartes topographiques \u00e0 l\u2019\u00e9chelle 1:40 000 (1861-1948)"},"content":{"rendered":"<h4 data-wp-editing=\"1\"><img loading=\"lazy\" decoding=\"async\" class=\"size-full wp-image-77998 aligncenter\" src=\"https:\/\/shop.ngi.be\/wp-content\/uploads\/2025\/06\/topo-40-AR.png\" alt=\"\" width=\"1100\" height=\"400\" srcset=\"https:\/\/shop.ngi.be\/wp-content\/uploads\/2025\/06\/topo-40-AR.png 1100w, https:\/\/shop.ngi.be\/wp-content\/uploads\/2025\/06\/topo-40-AR-960x349.png 960w, https:\/\/shop.ngi.be\/wp-content\/uploads\/2025\/06\/topo-40-AR-768x279.png 768w, https:\/\/shop.ngi.be\/wp-content\/uploads\/2025\/06\/topo-40-AR-416x151.png 416w\" sizes=\"auto, (max-width: 1100px) 100vw, 1100px\" \/><\/h4>\n<h4 data-wp-editing=\"1\">Historique<\/h4>\n<p>Il s\u2019agit de la premi\u00e8re s\u00e9rie de cartes topographiques officielles de la Belgique. Ces cartes sont aussi appel\u00e9es \u00ab\u00a0cartes d\u2019\u00e9tat-major\u00a0\u00bb. En 1845, le D\u00e9p\u00f4t de la Guerre, pr\u00e9d\u00e9cesseur de l\u2019Institut g\u00e9ographique national, d\u00e9cide de publier les premi\u00e8res cartes d\u2019\u00e9tat-major \u00e0 l\u2019\u00e9chelle 1:40\u00a0000. Toutefois, le Parlement n\u2019accorde le budget n\u00e9cessaire qu\u2019en 1860 et leur r\u00e9alisation proprement dite peut seulement d\u00e9buter alors. Au cours des 15\u00a0ann\u00e9es qui pr\u00e9c\u00e8dent, des travaux pr\u00e9paratoires et d\u2019accompagnement avaient n\u00e9anmoins \u00e9t\u00e9 men\u00e9s\u00a0: r\u00e9duction des plans cadastraux, mesure des bases g\u00e9od\u00e9siques, triangulation du territoire, etc. Les minutes de la carte sont \u00e9tablies \u00e0 l\u2019\u00e9chelle 1:20\u00a0000 afin d\u2019\u00eatre r\u00e9duites jusqu\u2019\u00e0 l\u2019\u00e9chelle 1:40\u00a0000. Les minutes au 1:20\u00a0000<sup>e<\/sup> sont finalement \u00e9galement publi\u00e9es. Autrement dit, la carte au 1:40\u00a0000<sup>e<\/sup> est en fait d\u00e9riv\u00e9e de la carte au 1:20\u00a0000<sup>e<\/sup>.<\/p>\n<p>Les feuilles de la premi\u00e8re carte d\u2019\u00e9tat-major au 1:40\u00a0000<sup>e<\/sup> ont \u00e9t\u00e9 publi\u00e9es entre 1861 et 1883. La carte se compose de 72\u00a0feuilles en noir et blanc <span style=\"color: #000000;\">(voir tableau r\u00e9capitulatif dans le haut de la page).<\/span> Apr\u00e8s la Premi\u00e8re Guerre mondiale, deux feuilles sont ajout\u00e9es pour les Cantons de l\u2019Est, soit un total de 74\u00a0feuilles.<\/p>\n<p>Jusqu\u2019\u00e0 la Seconde Guerre mondiale, les feuilles de la carte sont mises \u00e0 jour par des r\u00e9visions et des ajouts sur le terrain. En pratique, chaque feuille poss\u00e8de globalement trois\u00a0\u00e9ditions\u00a0: 1865-1883, 1883-1914 et 1919-1939. Des exceptions sont toutefois possibles et certaines feuilles comptent ainsi plus ou moins d\u2019\u00e9ditions en fonction des circonstances historiques.<\/p>\n<h4>Offre<\/h4>\n<p>Nous disposons de 74\u00a0feuilles de carte au 1:40\u00a0000<sup>e<\/sup>, que l\u2019on peut diviser grosso modo en trois\u00a0\u00e9ditions (cela peut varier en fonction des circonstances historiques)\u00a0:<\/p>\n<p>&#8211; 1865-1883<br \/>\n&#8211; 1883-1914<br \/>\n&#8211; 1919-1939<\/p>\n<p>Ces cartes font de 88 \u00e0 150\u00a0cm de large sur 60 \u00e0 71\u00a0cm de haut. Si vous souhaitez conna\u00eetre les dimensions d\u2019une feuille de carte pr\u00e9cise, nous vous conseillons de vous adresser \u00e0 nos collaborateurs.<\/p>\n<h4><u>Prix<\/u><\/h4>\n<p>Cette carte co\u00fbte 23 \u20ac en version imprim\u00e9e et 45 \u20ac en version num\u00e9rique.<\/p>\n<p>La plastification est r\u00e9alisable sur demande avec un co\u00fbt suppl\u00e9mentaire de 7\u00a0\u20ac (brillant\/brillant), 13\u00a0\u20ac (brillant\/mat) ou 18\u00a0\u20ac (mat\/mat).<\/p>\n<p>Vous pouvez venir chercher la carte dans notre boutique \u00e0 Bruxelles ou la faire exp\u00e9dier par bpost. En cas d\u2019envoi postal, des frais de port (11 \u20ac) sont factur\u00e9s pour vous faire parvenir votre carte via Track &amp; Trace.<\/p>\n<div class=\"table-wrapper\"><table>\n<tbody>\n<tr>\n<td width=\"301\">\n<p style=\"text-align: center;\"><a class=\"btn btn-outline-primary\" href=\"mailto:sales@ngi.be?SUBJECT=Cartes historiques\" rel=\"noopener\">Nous contacter<\/a><\/p>\n<\/td>\n<td width=\"301\">\n<p style=\"text-align: center;\"><a class=\"btn btn-outline-primary\" href=\"https:\/\/shop.ngi.be\/wp-content\/uploads\/2026\/03\/03.Formulaire_cartes-historiques_v7FR.docx\" rel=\"noopener\">Formulaire de commande de cartes<\/a><\/p>\n<\/td>\n<\/tr>\n<\/tbody>\n<\/table><\/div>\n<h4><u>Exemples<\/u><\/h4>\n<p style=\"text-align: center;\"><strong>1865-1883<\/strong><\/p>\n<div class=\"table-wrapper\"><table>\n<tbody>\n<tr>\n<td width=\"301\">\n<p><figure id=\"attachment_72808\" aria-describedby=\"caption-attachment-72808\" style=\"width: 300px\" class=\"wp-caption aligncenter\"><a href=\"https:\/\/ngi-webshop.weareantenna.dev\/wp-content\/uploads\/2025\/05\/cartes-histo-tableau-assemblage-40-k-3.png\" target=\"_blank\" rel=\"noopener\"><img loading=\"lazy\" decoding=\"async\" class=\"wp-image-72808\" title=\"Cliquez pour agrandir\" src=\"https:\/\/ngi-webshop.weareantenna.dev\/wp-content\/uploads\/2025\/05\/cartes-histo-tableau-assemblage-40-k-3.png\" alt=\"\" width=\"300\" height=\"233\" \/><\/a><figcaption id=\"caption-attachment-72808\" class=\"wp-caption-text\">Cliquez sur la carte pour l\u2019agrandir<\/figcaption><\/figure><\/td>\n<td width=\"301\">\n<p><figure id=\"attachment_77007\" aria-describedby=\"caption-attachment-77007\" style=\"width: 300px\" class=\"wp-caption aligncenter\"><a href=\"https:\/\/shop.ngi.be\/wp-content\/uploads\/2025\/04\/40-000-liege-l846-42-bon-logo-2.png\" target=\"_blank\" rel=\"noopener\"><img loading=\"lazy\" decoding=\"async\" class=\"ls-is-cached lazyloaded wp-image-77007\" src=\"https:\/\/shop.ngi.be\/wp-content\/uploads\/2025\/04\/40-000-liege-l846-42-bon-logo-2.png\" alt=\"\" width=\"300\" height=\"206\" data-src=\"https:\/\/shop.ngi.be\/wp-content\/uploads\/2025\/04\/40-000-liege-l846-42-bon-logo-2.png\" data-srcset=\"https:\/\/shop.ngi.be\/wp-content\/uploads\/2025\/04\/40-000-liege-l846-42-bon-logo-2.png 1920w, https:\/\/shop.ngi.be\/wp-content\/uploads\/2025\/04\/40-000-liege-l846-42-bon-logo-2-960x659.png 960w, https:\/\/shop.ngi.be\/wp-content\/uploads\/2025\/04\/40-000-liege-l846-42-bon-logo-2-1720x1180.png 1720w, https:\/\/shop.ngi.be\/wp-content\/uploads\/2025\/04\/40-000-liege-l846-42-bon-logo-2-768x527.png 768w, https:\/\/shop.ngi.be\/wp-content\/uploads\/2025\/04\/40-000-liege-l846-42-bon-logo-2-1536x1054.png 1536w, https:\/\/shop.ngi.be\/wp-content\/uploads\/2025\/04\/40-000-liege-l846-42-bon-logo-2-416x285.png 416w, https:\/\/shop.ngi.be\/wp-content\/uploads\/2025\/04\/40-000-liege-l846-42-bon-logo-2-1200x823.png 1200w\" data-sizes=\"(max-width: 300px) 100vw, 300px\" srcset=\"https:\/\/shop.ngi.be\/wp-content\/uploads\/2025\/04\/40-000-liege-l846-42-bon-logo-2.png 1920w, https:\/\/shop.ngi.be\/wp-content\/uploads\/2025\/04\/40-000-liege-l846-42-bon-logo-2-960x659.png 960w, https:\/\/shop.ngi.be\/wp-content\/uploads\/2025\/04\/40-000-liege-l846-42-bon-logo-2-1720x1180.png 1720w, https:\/\/shop.ngi.be\/wp-content\/uploads\/2025\/04\/40-000-liege-l846-42-bon-logo-2-768x527.png 768w, https:\/\/shop.ngi.be\/wp-content\/uploads\/2025\/04\/40-000-liege-l846-42-bon-logo-2-1536x1054.png 1536w, https:\/\/shop.ngi.be\/wp-content\/uploads\/2025\/04\/40-000-liege-l846-42-bon-logo-2-416x285.png 416w, https:\/\/shop.ngi.be\/wp-content\/uploads\/2025\/04\/40-000-liege-l846-42-bon-logo-2-1200x823.png 1200w\" sizes=\"auto, (max-width: 300px) 100vw, 300px\" \/><\/a><figcaption id=\"caption-attachment-77007\" class=\"wp-caption-text\">Li\u00e8ge (1896)<\/figcaption><\/figure><\/td>\n<\/tr>\n<\/tbody>\n<\/table><\/div>\n<p style=\"text-align: center;\"><strong>1883-1914<\/strong><\/p>\n<div class=\"table-wrapper\"><table>\n<tbody>\n<tr>\n<td width=\"301\">\n<p><figure id=\"attachment_72808\" aria-describedby=\"caption-attachment-72808\" style=\"width: 300px\" class=\"wp-caption aligncenter\"><a href=\"https:\/\/ngi-webshop.weareantenna.dev\/wp-content\/uploads\/2025\/05\/cartes-histo-tableau-assemblage-40-k-3.png\" target=\"_blank\" rel=\"noopener\"><img loading=\"lazy\" decoding=\"async\" class=\"wp-image-72808\" title=\"Cliquez pour agrandir\" src=\"https:\/\/ngi-webshop.weareantenna.dev\/wp-content\/uploads\/2025\/05\/cartes-histo-tableau-assemblage-40-k-3.png\" alt=\"\" width=\"300\" height=\"233\" \/><\/a><figcaption id=\"caption-attachment-72808\" class=\"wp-caption-text\">Cliquez sur la carte pour l\u2019agrandir<\/figcaption><\/figure><\/td>\n<td width=\"301\">\n<p><figure id=\"attachment_73289\" aria-describedby=\"caption-attachment-73289\" style=\"width: 300px\" class=\"wp-caption aligncenter\"><a href=\"https:\/\/ngi-webshop.weareantenna.dev\/wp-content\/uploads\/2025\/08\/40-000-42_Liegec1903.png\" target=\"_blank\" rel=\"noopener\"><img loading=\"lazy\" decoding=\"async\" class=\"wp-image-73289\" src=\"https:\/\/ngi-webshop.weareantenna.dev\/wp-content\/uploads\/2025\/08\/40-000-42_Liegec1903.png\" alt=\"\" width=\"300\" height=\"211\" \/><\/a><figcaption id=\"caption-attachment-73289\" class=\"wp-caption-text\">Li\u00e8ge (1903)<\/figcaption><\/figure><\/td>\n<\/tr>\n<\/tbody>\n<\/table><\/div>\n<p style=\"text-align: center;\"><strong>1919-1939<\/strong><\/p>\n<div class=\"table-wrapper\"><table>\n<tbody>\n<tr>\n<td width=\"301\">\n<p><figure id=\"attachment_72808\" aria-describedby=\"caption-attachment-72808\" style=\"width: 300px\" class=\"wp-caption aligncenter\"><a href=\"https:\/\/ngi-webshop.weareantenna.dev\/wp-content\/uploads\/2025\/05\/cartes-histo-tableau-assemblage-40-k-3.png\" target=\"_blank\" rel=\"noopener\"><img loading=\"lazy\" decoding=\"async\" class=\"wp-image-72808\" title=\"Cliquez pour agrandir\" src=\"https:\/\/ngi-webshop.weareantenna.dev\/wp-content\/uploads\/2025\/05\/cartes-histo-tableau-assemblage-40-k-3.png\" alt=\"\" width=\"300\" height=\"233\" \/><\/a><figcaption id=\"caption-attachment-72808\" class=\"wp-caption-text\">Cliquez sur la carte pour l\u2019agrandir<\/figcaption><\/figure><\/td>\n<td width=\"301\">\n<p><figure id=\"attachment_73286\" aria-describedby=\"caption-attachment-73286\" style=\"width: 300px\" class=\"wp-caption aligncenter\"><a href=\"https:\/\/ngi-webshop.weareantenna.dev\/wp-content\/uploads\/2025\/08\/40-000-42_Liegec1937.png\" target=\"_blank\" rel=\"noopener\"><img loading=\"lazy\" decoding=\"async\" class=\"wp-image-73286\" src=\"https:\/\/ngi-webshop.weareantenna.dev\/wp-content\/uploads\/2025\/08\/40-000-42_Liegec1937.png\" alt=\"\" width=\"300\" height=\"216\" \/><\/a><figcaption id=\"caption-attachment-73286\" class=\"wp-caption-text\">Li\u00e8ge (1937)<\/figcaption><\/figure><\/td>\n<\/tr>\n<\/tbody>\n<\/table><\/div>\n","protected":false},"excerpt":{"rendered":"<p>Historique Il s\u2019agit de la premi\u00e8re s\u00e9rie de cartes topographiques officielles de la Belgique. Ces cartes sont aussi appel\u00e9es \u00ab\u00a0cartes d\u2019\u00e9tat-major\u00a0\u00bb. En 1845, le D\u00e9p\u00f4t de la Guerre, pr\u00e9d\u00e9cesseur de l\u2019Institut g\u00e9ographique national, d\u00e9cide de publier les premi\u00e8res cartes d\u2019\u00e9tat-major \u00e0 l\u2019\u00e9chelle 1:40\u00a0000. Toutefois, le Parlement n\u2019accorde le budget n\u00e9cessaire qu\u2019en 1860 et leur r\u00e9alisation [&hellip;]<\/p>\n","protected":false},"author":8,"featured_media":0,"parent":48078,"menu_order":61,"comment_status":"closed","ping_status":"closed","template":"template-fullwidth.php","meta":{"_acf_changed":false,"footnotes":""},"class_list":["post-66525","page","type-page","status-publish","hentry"],"acf":[],"yoast_head":"<!-- This site is optimized with the Yoast SEO plugin v26.6 - https:\/\/yoast.com\/wordpress\/plugins\/seo\/ -->\n<title>Cartes topographiques \u00e0 l\u2019\u00e9chelle 1:40 000 (1861-1948) - Webshop de l&#039;Institut g\u00e9ographique national<\/title>\n<meta name=\"robots\" content=\"index, follow, max-snippet:-1, max-image-preview:large, max-video-preview:-1\" \/>\n<link rel=\"canonical\" href=\"https:\/\/shop.ngi.be\/fr\/cartes-historiques\/cartes-topographiques-a-lechelle-140-000-1861-1948\/\" \/>\n<meta property=\"og:locale\" content=\"fr_FR\" \/>\n<meta property=\"og:type\" content=\"article\" \/>\n<meta property=\"og:title\" content=\"Cartes topographiques \u00e0 l\u2019\u00e9chelle 1:40 000 (1861-1948) - Webshop de l&#039;Institut g\u00e9ographique national\" \/>\n<meta property=\"og:description\" content=\"Historique Il s\u2019agit de la premi\u00e8re s\u00e9rie de cartes topographiques officielles de la Belgique. Ces cartes sont aussi appel\u00e9es \u00ab\u00a0cartes d\u2019\u00e9tat-major\u00a0\u00bb. En 1845, le D\u00e9p\u00f4t de la Guerre, pr\u00e9d\u00e9cesseur de l\u2019Institut g\u00e9ographique national, d\u00e9cide de publier les premi\u00e8res cartes d\u2019\u00e9tat-major \u00e0 l\u2019\u00e9chelle 1:40\u00a0000. Toutefois, le Parlement n\u2019accorde le budget n\u00e9cessaire qu\u2019en 1860 et leur r\u00e9alisation [&hellip;]\" \/>\n<meta property=\"og:url\" content=\"https:\/\/shop.ngi.be\/fr\/cartes-historiques\/cartes-topographiques-a-lechelle-140-000-1861-1948\/\" \/>\n<meta property=\"og:site_name\" content=\"Webshop de l&#039;Institut g\u00e9ographique national\" \/>\n<meta property=\"article:modified_time\" content=\"2026-03-02T10:55:46+00:00\" \/>\n<meta property=\"og:image\" content=\"https:\/\/shop.ngi.be\/wp-content\/uploads\/2025\/06\/topo-40-AR.png\" \/>\n\t<meta property=\"og:image:width\" content=\"1100\" \/>\n\t<meta property=\"og:image:height\" content=\"400\" \/>\n\t<meta property=\"og:image:type\" content=\"image\/png\" \/>\n<meta name=\"twitter:card\" content=\"summary_large_image\" \/>\n<meta name=\"twitter:label1\" content=\"Dur\u00e9e de lecture estim\u00e9e\" \/>\n\t<meta name=\"twitter:data1\" content=\"4 minutes\" \/>\n<script type=\"application\/ld+json\" class=\"yoast-schema-graph\">{\"@context\":\"https:\/\/schema.org\",\"@graph\":[{\"@type\":\"WebPage\",\"@id\":\"https:\/\/shop.ngi.be\/fr\/cartes-historiques\/cartes-topographiques-a-lechelle-140-000-1861-1948\/\",\"url\":\"https:\/\/shop.ngi.be\/fr\/cartes-historiques\/cartes-topographiques-a-lechelle-140-000-1861-1948\/\",\"name\":\"Cartes topographiques \u00e0 l\u2019\u00e9chelle 1:40 000 (1861-1948) - Webshop de l'Institut g\u00e9ographique national\",\"isPartOf\":{\"@id\":\"https:\/\/shop.ngi.be\/nl\/#website\"},\"primaryImageOfPage\":{\"@id\":\"https:\/\/shop.ngi.be\/fr\/cartes-historiques\/cartes-topographiques-a-lechelle-140-000-1861-1948\/#primaryimage\"},\"image\":{\"@id\":\"https:\/\/shop.ngi.be\/fr\/cartes-historiques\/cartes-topographiques-a-lechelle-140-000-1861-1948\/#primaryimage\"},\"thumbnailUrl\":\"https:\/\/shop.ngi.be\/wp-content\/uploads\/2025\/06\/topo-40-AR.png\",\"datePublished\":\"2023-06-14T12:59:00+00:00\",\"dateModified\":\"2026-03-02T10:55:46+00:00\",\"breadcrumb\":{\"@id\":\"https:\/\/shop.ngi.be\/fr\/cartes-historiques\/cartes-topographiques-a-lechelle-140-000-1861-1948\/#breadcrumb\"},\"inLanguage\":\"fr-FR\",\"potentialAction\":[{\"@type\":\"ReadAction\",\"target\":[\"https:\/\/shop.ngi.be\/fr\/cartes-historiques\/cartes-topographiques-a-lechelle-140-000-1861-1948\/\"]}]},{\"@type\":\"ImageObject\",\"inLanguage\":\"fr-FR\",\"@id\":\"https:\/\/shop.ngi.be\/fr\/cartes-historiques\/cartes-topographiques-a-lechelle-140-000-1861-1948\/#primaryimage\",\"url\":\"https:\/\/shop.ngi.be\/wp-content\/uploads\/2025\/06\/topo-40-AR.png\",\"contentUrl\":\"https:\/\/shop.ngi.be\/wp-content\/uploads\/2025\/06\/topo-40-AR.png\"},{\"@type\":\"BreadcrumbList\",\"@id\":\"https:\/\/shop.ngi.be\/fr\/cartes-historiques\/cartes-topographiques-a-lechelle-140-000-1861-1948\/#breadcrumb\",\"itemListElement\":[{\"@type\":\"ListItem\",\"position\":1,\"name\":\"Home\",\"item\":\"https:\/\/shop.ngi.be\/fr\/\"},{\"@type\":\"ListItem\",\"position\":2,\"name\":\"Cartes Historiques\",\"item\":\"https:\/\/shop.ngi.be\/fr\/cartes-historiques\/\"},{\"@type\":\"ListItem\",\"position\":3,\"name\":\"Cartes topographiques \u00e0 l\u2019\u00e9chelle 1:40 000 (1861-1948)\"}]},{\"@type\":\"WebSite\",\"@id\":\"https:\/\/shop.ngi.be\/nl\/#website\",\"url\":\"https:\/\/shop.ngi.be\/nl\/\",\"name\":\"Webshop de l'Institut g\u00e9ographique national\",\"description\":\"Cartes topographiques, databases, orthophotos et photos a\u00e9riennes\",\"potentialAction\":[{\"@type\":\"SearchAction\",\"target\":{\"@type\":\"EntryPoint\",\"urlTemplate\":\"https:\/\/shop.ngi.be\/nl\/?s={search_term_string}\"},\"query-input\":{\"@type\":\"PropertyValueSpecification\",\"valueRequired\":true,\"valueName\":\"search_term_string\"}}],\"inLanguage\":\"fr-FR\"}]}<\/script>\n<!-- \/ Yoast SEO plugin. -->","yoast_head_json":{"title":"Cartes topographiques \u00e0 l\u2019\u00e9chelle 1:40 000 (1861-1948) - Webshop de l'Institut g\u00e9ographique national","robots":{"index":"index","follow":"follow","max-snippet":"max-snippet:-1","max-image-preview":"max-image-preview:large","max-video-preview":"max-video-preview:-1"},"canonical":"https:\/\/shop.ngi.be\/fr\/cartes-historiques\/cartes-topographiques-a-lechelle-140-000-1861-1948\/","og_locale":"fr_FR","og_type":"article","og_title":"Cartes topographiques \u00e0 l\u2019\u00e9chelle 1:40 000 (1861-1948) - Webshop de l'Institut g\u00e9ographique national","og_description":"Historique Il s\u2019agit de la premi\u00e8re s\u00e9rie de cartes topographiques officielles de la Belgique. Ces cartes sont aussi appel\u00e9es \u00ab\u00a0cartes d\u2019\u00e9tat-major\u00a0\u00bb. En 1845, le D\u00e9p\u00f4t de la Guerre, pr\u00e9d\u00e9cesseur de l\u2019Institut g\u00e9ographique national, d\u00e9cide de publier les premi\u00e8res cartes d\u2019\u00e9tat-major \u00e0 l\u2019\u00e9chelle 1:40\u00a0000. Toutefois, le Parlement n\u2019accorde le budget n\u00e9cessaire qu\u2019en 1860 et leur r\u00e9alisation [&hellip;]","og_url":"https:\/\/shop.ngi.be\/fr\/cartes-historiques\/cartes-topographiques-a-lechelle-140-000-1861-1948\/","og_site_name":"Webshop de l'Institut g\u00e9ographique national","article_modified_time":"2026-03-02T10:55:46+00:00","og_image":[{"width":1100,"height":400,"url":"https:\/\/shop.ngi.be\/wp-content\/uploads\/2025\/06\/topo-40-AR.png","type":"image\/png"}],"twitter_card":"summary_large_image","twitter_misc":{"Dur\u00e9e de lecture estim\u00e9e":"4 minutes"},"schema":{"@context":"https:\/\/schema.org","@graph":[{"@type":"WebPage","@id":"https:\/\/shop.ngi.be\/fr\/cartes-historiques\/cartes-topographiques-a-lechelle-140-000-1861-1948\/","url":"https:\/\/shop.ngi.be\/fr\/cartes-historiques\/cartes-topographiques-a-lechelle-140-000-1861-1948\/","name":"Cartes topographiques \u00e0 l\u2019\u00e9chelle 1:40 000 (1861-1948) - Webshop de l'Institut g\u00e9ographique national","isPartOf":{"@id":"https:\/\/shop.ngi.be\/nl\/#website"},"primaryImageOfPage":{"@id":"https:\/\/shop.ngi.be\/fr\/cartes-historiques\/cartes-topographiques-a-lechelle-140-000-1861-1948\/#primaryimage"},"image":{"@id":"https:\/\/shop.ngi.be\/fr\/cartes-historiques\/cartes-topographiques-a-lechelle-140-000-1861-1948\/#primaryimage"},"thumbnailUrl":"https:\/\/shop.ngi.be\/wp-content\/uploads\/2025\/06\/topo-40-AR.png","datePublished":"2023-06-14T12:59:00+00:00","dateModified":"2026-03-02T10:55:46+00:00","breadcrumb":{"@id":"https:\/\/shop.ngi.be\/fr\/cartes-historiques\/cartes-topographiques-a-lechelle-140-000-1861-1948\/#breadcrumb"},"inLanguage":"fr-FR","potentialAction":[{"@type":"ReadAction","target":["https:\/\/shop.ngi.be\/fr\/cartes-historiques\/cartes-topographiques-a-lechelle-140-000-1861-1948\/"]}]},{"@type":"ImageObject","inLanguage":"fr-FR","@id":"https:\/\/shop.ngi.be\/fr\/cartes-historiques\/cartes-topographiques-a-lechelle-140-000-1861-1948\/#primaryimage","url":"https:\/\/shop.ngi.be\/wp-content\/uploads\/2025\/06\/topo-40-AR.png","contentUrl":"https:\/\/shop.ngi.be\/wp-content\/uploads\/2025\/06\/topo-40-AR.png"},{"@type":"BreadcrumbList","@id":"https:\/\/shop.ngi.be\/fr\/cartes-historiques\/cartes-topographiques-a-lechelle-140-000-1861-1948\/#breadcrumb","itemListElement":[{"@type":"ListItem","position":1,"name":"Home","item":"https:\/\/shop.ngi.be\/fr\/"},{"@type":"ListItem","position":2,"name":"Cartes Historiques","item":"https:\/\/shop.ngi.be\/fr\/cartes-historiques\/"},{"@type":"ListItem","position":3,"name":"Cartes topographiques \u00e0 l\u2019\u00e9chelle 1:40 000 (1861-1948)"}]},{"@type":"WebSite","@id":"https:\/\/shop.ngi.be\/nl\/#website","url":"https:\/\/shop.ngi.be\/nl\/","name":"Webshop de l'Institut g\u00e9ographique national","description":"Cartes topographiques, databases, orthophotos et photos a\u00e9riennes","potentialAction":[{"@type":"SearchAction","target":{"@type":"EntryPoint","urlTemplate":"https:\/\/shop.ngi.be\/nl\/?s={search_term_string}"},"query-input":{"@type":"PropertyValueSpecification","valueRequired":true,"valueName":"search_term_string"}}],"inLanguage":"fr-FR"}]}},"_links":{"self":[{"href":"https:\/\/shop.ngi.be\/fr\/wp-json\/wp\/v2\/pages\/66525","targetHints":{"allow":["GET"]}}],"collection":[{"href":"https:\/\/shop.ngi.be\/fr\/wp-json\/wp\/v2\/pages"}],"about":[{"href":"https:\/\/shop.ngi.be\/fr\/wp-json\/wp\/v2\/types\/page"}],"author":[{"embeddable":true,"href":"https:\/\/shop.ngi.be\/fr\/wp-json\/wp\/v2\/users\/8"}],"replies":[{"embeddable":true,"href":"https:\/\/shop.ngi.be\/fr\/wp-json\/wp\/v2\/comments?post=66525"}],"version-history":[{"count":17,"href":"https:\/\/shop.ngi.be\/fr\/wp-json\/wp\/v2\/pages\/66525\/revisions"}],"predecessor-version":[{"id":84333,"href":"https:\/\/shop.ngi.be\/fr\/wp-json\/wp\/v2\/pages\/66525\/revisions\/84333"}],"up":[{"embeddable":true,"href":"https:\/\/shop.ngi.be\/fr\/wp-json\/wp\/v2\/pages\/48078"}],"wp:attachment":[{"href":"https:\/\/shop.ngi.be\/fr\/wp-json\/wp\/v2\/media?parent=66525"}],"curies":[{"name":"wp","href":"https:\/\/api.w.org\/{rel}","templated":true}]}}