{"id":77928,"date":"2025-06-12T11:42:28","date_gmt":"2025-06-12T10:42:28","guid":{"rendered":"https:\/\/shop.ngi.be\/?page_id=77928"},"modified":"2025-09-17T13:36:27","modified_gmt":"2025-09-17T12:36:27","slug":"cartes-topographiques-2025","status":"publish","type":"page","link":"https:\/\/shop.ngi.be\/fr\/cartes-topographiques-2025\/","title":{"rendered":"Cartes topographiques"},"content":{"rendered":"<p><img loading=\"lazy\" decoding=\"async\" class=\"size-full wp-image-72390 aligncenter\" src=\"https:\/\/ngi-webshop.weareantenna.dev\/wp-content\/uploads\/2025\/04\/1100-pour-topo-AR.png\" alt=\"\" width=\"1094\" height=\"400\" \/><\/p>\n<p>L\u2019Institut g\u00e9ographique national produit quatre s\u00e9ries de cartes topographiques. Il s\u2019agit du Topo25, Topo50, Topo100 et Topo250. Chacune de ces s\u00e9ries de cartes topographiques a sa propre \u00e9chelle et est con\u00e7ue pour un usage sp\u00e9cifique. Vous trouverez ci-dessous un aper\u00e7u des diff\u00e9rentes s\u00e9ries.<\/p>\n<div class=\"table-wrapper\"><table>\n<tbody>\n<tr>\n<td width=\"201\"><img loading=\"lazy\" decoding=\"async\" class=\"size-full wp-image-72315 alignleft\" src=\"https:\/\/ngi-webshop.weareantenna.dev\/wp-content\/uploads\/2025\/04\/page-topo-25-arrondi.png\" alt=\"\" width=\"560\" height=\"360\" \/><\/p>\n<h4><strong>Topo25<\/strong><\/h4>\n<div class=\"editor-content\">\n<p>Le Topo25 est caract\u00e9ris\u00e9 par un champ cartographique de 16 x 10 km (160 km\u00b2) et de donn\u00e9es riches d\u2019un point de vue s\u00e9mantique.\u00a0 Il convient parfaitement pour des activit\u00e9s r\u00e9cr\u00e9atives d\u2019ext\u00e9rieur comme la randonn\u00e9e p\u00e9destre ou le v\u00e9lo.<\/p>\n<p><strong>\u00c9chelle<\/strong> : 1:25 000 (1cm = 250m)<\/p>\n<p><strong>Prix<\/strong> :\u00a0<span class=\"price\">8 \u20ac<\/span><\/p>\n<p style=\"text-align: center;\"><a class=\"btn btn-outline-primary\" href=\"https:\/\/shop.ngi.be\/fr\/bekijk-op-de-kaart\/?category=topo25\" rel=\"noopener\">Afficher dans la visionneuse<\/a><\/p>\n<\/div>\n<\/td>\n<td width=\"201\"><img loading=\"lazy\" decoding=\"async\" class=\"size-full wp-image-72313 alignleft\" src=\"https:\/\/ngi-webshop.weareantenna.dev\/wp-content\/uploads\/2025\/04\/page-topo-50-arrondi.png\" alt=\"\" width=\"560\" height=\"360\" \/><\/p>\n<h4><strong>Topo50<\/strong><\/h4>\n<div class=\"editor-content\">\n<div class=\"editor-content\">\n<p>Le Topo50 est caract\u00e9ris\u00e9 par un champ cartographique de 32 x 20 km (640 km\u00b2). Il convient bien \u00e0 la d\u00e9couverte d\u2019une r\u00e9gion car son \u00e9tendue permet d\u2019avoir un bel aper\u00e7u de la structure du paysage environnant.<\/p>\n<p><strong>\u00c9chelle<\/strong> : 1:50 000 (1cm = 500m)<\/p>\n<p><strong>Prix<\/strong> :\u00a0<span class=\"price\">8 \u20ac<\/span><\/p>\n<p style=\"text-align: center;\"><a class=\"btn btn-outline-primary\" href=\"https:\/\/shop.ngi.be\/fr\/bekijk-op-de-kaart\/?category=topo50\" rel=\"noopener\">Afficher dans la visionneuse<\/a><\/p>\n<\/div>\n<\/div>\n<\/td>\n<\/tr>\n<\/tbody>\n<\/table><\/div>\n<div class=\"table-wrapper\"><table>\n<tbody>\n<tr>\n<td width=\"201\"><img loading=\"lazy\" decoding=\"async\" class=\"size-full wp-image-72311 alignleft\" src=\"https:\/\/ngi-webshop.weareantenna.dev\/wp-content\/uploads\/2025\/04\/page-topo-100-arrondi.png\" alt=\"\" width=\"560\" height=\"361\" \/><\/p>\n<div class=\"editor-content\">\n<h4><strong>Topo100<\/strong><\/h4>\n<p>est destin\u00e9 \u00e0 un usage r\u00e9gional plus vaste que celui du Topo50. Il convient donc bien pour une vue d\u2019ensemble de la topographie r\u00e9gionale, pour les d\u00e9placements automobiles ou motocyclistes.<\/p>\n<p><strong><br \/>\n\u00c9chelle<\/strong> : 1:100 000 (1cm = 1000m)<\/p>\n<p><strong>Prix<\/strong> : 4<span class=\"price\">\u00a0\u20ac<\/span><\/p>\n<p style=\"text-align: center;\"><a class=\"btn btn-outline-primary\" href=\"https:\/\/shop.ngi.be\/fr\/bekijk-op-de-kaart\/?category=topo100\" rel=\"noopener\">Afficher dans la visionneuse<\/a><\/p>\n<\/div>\n<\/td>\n<td width=\"201\"><img loading=\"lazy\" decoding=\"async\" class=\"size-full wp-image-72309 alignleft\" src=\"https:\/\/ngi-webshop.weareantenna.dev\/wp-content\/uploads\/2025\/04\/page-topo-250-arrondi.png\" alt=\"\" width=\"560\" height=\"360\" \/><\/p>\n<h4><strong>Topo250<\/strong><\/h4>\n<p>Le Topo250 donne une repr\u00e9sentation d\u00e9taill\u00e9e de la topographie et de la g\u00e9ographie du pays. Cette carte met principalement l\u2019accent sur les lieux habit\u00e9s, les r\u00e9seaux de transports et la toponymie.<\/p>\n<div class=\"editor-content\">\n<p><strong>\u00c9chelle<\/strong> : 1:250 000 (1cm = 2500m)<\/p>\n<p><strong>Prix<\/strong> :\u00a0<span class=\"price\">8 \u20ac<\/span><\/p>\n<p style=\"text-align: center;\"><a class=\"btn btn-outline-primary\" href=\"https:\/\/shop.ngi.be\/fr\/bekijk-op-de-kaart\/?category=topo250\" rel=\"noopener\">Afficher dans la visionneuse<\/a><\/p>\n<\/div>\n<\/td>\n<\/tr>\n<\/tbody>\n<\/table><\/div>\n<div class=\"table-wrapper\"><table>\n<tbody>\n<tr>\n<td width=\"201\">\n<h4><img loading=\"lazy\" decoding=\"async\" class=\"size-full wp-image-79240 aligncenter\" src=\"https:\/\/shop.ngi.be\/wp-content\/uploads\/2025\/07\/1753274595126-pour-topo-2-arrondi.png\" alt=\"\" width=\"560\" height=\"361\" srcset=\"https:\/\/shop.ngi.be\/wp-content\/uploads\/2025\/07\/1753274595126-pour-topo-2-arrondi.png 560w, https:\/\/shop.ngi.be\/wp-content\/uploads\/2025\/07\/1753274595126-pour-topo-2-arrondi-416x268.png 416w\" sizes=\"auto, (max-width: 560px) 100vw, 560px\" \/><\/h4>\n<h4><strong>Cartes topographiques num\u00e9riques<\/strong><\/h4>\n<div class=\"editor-content\">\n<p>Les cartes topographiques IGN sont aussi disponibles en format num\u00e9rique.<\/p>\n<p style=\"text-align: center;\"><a class=\"btn btn-outline-primary\" href=\"mailto:sales@ngi.be?SUBJECT=Cartes topo num\u00e9riques - demande info\" rel=\"noopener\">Plus d&rsquo;informations<\/a><\/p>\n<\/div>\n<\/td>\n<td width=\"201\"><img loading=\"lazy\" decoding=\"async\" class=\"alignnone wp-image-73054 size-full\" src=\"https:\/\/ngi-webshop.weareantenna.dev\/wp-content\/uploads\/2025\/06\/pour-print-on-demand-sur-topo-570-arrondi.png\" alt=\"\" width=\"570\" height=\"452\" \/><\/p>\n<div class=\"editor-content\">\n<h4><strong>Print-on-demand<\/strong><\/h4>\n<p>Vous avez la possibilit\u00e9 de faire imprimer des cartes sur mesure.<\/p>\n<p style=\"text-align: center;\"><a class=\"btn btn-outline-primary\" href=\"https:\/\/shop.ngi.be\/fr\/print-on-demand-2025\/\" rel=\"noopener\">Page Print-on-demand<\/a><\/p>\n<\/div>\n<\/td>\n<\/tr>\n<\/tbody>\n<\/table><\/div>\n","protected":false},"excerpt":{"rendered":"<p>L\u2019Institut g\u00e9ographique national produit quatre s\u00e9ries de cartes topographiques. Il s\u2019agit du Topo25, Topo50, Topo100 et Topo250. Chacune de ces s\u00e9ries de cartes topographiques a sa propre \u00e9chelle et est con\u00e7ue pour un usage sp\u00e9cifique. Vous trouverez ci-dessous un aper\u00e7u des diff\u00e9rentes s\u00e9ries. Topo25 Le Topo25 est caract\u00e9ris\u00e9 par un champ cartographique de 16 x [&hellip;]<\/p>\n","protected":false},"author":8,"featured_media":0,"parent":0,"menu_order":9,"comment_status":"closed","ping_status":"closed","template":"template-fullwidth.php","meta":{"_acf_changed":false,"footnotes":""},"class_list":["post-77928","page","type-page","status-publish","hentry"],"acf":[],"yoast_head":"<!-- This site is optimized with the Yoast SEO plugin v26.6 - https:\/\/yoast.com\/wordpress\/plugins\/seo\/ -->\n<title>Cartes topographiques - Webshop de l&#039;Institut g\u00e9ographique national<\/title>\n<meta name=\"robots\" content=\"index, follow, max-snippet:-1, max-image-preview:large, max-video-preview:-1\" \/>\n<link rel=\"canonical\" href=\"https:\/\/shop.ngi.be\/fr\/cartes-topographiques-2025\/\" \/>\n<meta property=\"og:locale\" content=\"fr_FR\" \/>\n<meta property=\"og:type\" content=\"article\" \/>\n<meta property=\"og:title\" content=\"Cartes topographiques - Webshop de l&#039;Institut g\u00e9ographique national\" \/>\n<meta property=\"og:description\" content=\"L\u2019Institut g\u00e9ographique national produit quatre s\u00e9ries de cartes topographiques. Il s\u2019agit du Topo25, Topo50, Topo100 et Topo250. Chacune de ces s\u00e9ries de cartes topographiques a sa propre \u00e9chelle et est con\u00e7ue pour un usage sp\u00e9cifique. Vous trouverez ci-dessous un aper\u00e7u des diff\u00e9rentes s\u00e9ries. Topo25 Le Topo25 est caract\u00e9ris\u00e9 par un champ cartographique de 16 x [&hellip;]\" \/>\n<meta property=\"og:url\" content=\"https:\/\/shop.ngi.be\/fr\/cartes-topographiques-2025\/\" \/>\n<meta property=\"og:site_name\" content=\"Webshop de l&#039;Institut g\u00e9ographique national\" \/>\n<meta property=\"article:modified_time\" content=\"2025-09-17T12:36:27+00:00\" \/>\n<meta property=\"og:image\" content=\"https:\/\/ngi-webshop.weareantenna.dev\/wp-content\/uploads\/2025\/04\/1100-pour-topo-AR.png\" \/>\n<meta name=\"twitter:card\" content=\"summary_large_image\" \/>\n<meta name=\"twitter:label1\" content=\"Dur\u00e9e de lecture estim\u00e9e\" \/>\n\t<meta name=\"twitter:data1\" content=\"3 minutes\" \/>\n<script type=\"application\/ld+json\" class=\"yoast-schema-graph\">{\"@context\":\"https:\/\/schema.org\",\"@graph\":[{\"@type\":\"WebPage\",\"@id\":\"https:\/\/shop.ngi.be\/fr\/cartes-topographiques-2025\/\",\"url\":\"https:\/\/shop.ngi.be\/fr\/cartes-topographiques-2025\/\",\"name\":\"Cartes topographiques - Webshop de l'Institut g\u00e9ographique national\",\"isPartOf\":{\"@id\":\"https:\/\/shop.ngi.be\/nl\/#website\"},\"primaryImageOfPage\":{\"@id\":\"https:\/\/shop.ngi.be\/fr\/cartes-topographiques-2025\/#primaryimage\"},\"image\":{\"@id\":\"https:\/\/shop.ngi.be\/fr\/cartes-topographiques-2025\/#primaryimage\"},\"thumbnailUrl\":\"https:\/\/ngi-webshop.weareantenna.dev\/wp-content\/uploads\/2025\/04\/1100-pour-topo-AR.png\",\"datePublished\":\"2025-06-12T10:42:28+00:00\",\"dateModified\":\"2025-09-17T12:36:27+00:00\",\"breadcrumb\":{\"@id\":\"https:\/\/shop.ngi.be\/fr\/cartes-topographiques-2025\/#breadcrumb\"},\"inLanguage\":\"fr-FR\",\"potentialAction\":[{\"@type\":\"ReadAction\",\"target\":[\"https:\/\/shop.ngi.be\/fr\/cartes-topographiques-2025\/\"]}]},{\"@type\":\"ImageObject\",\"inLanguage\":\"fr-FR\",\"@id\":\"https:\/\/shop.ngi.be\/fr\/cartes-topographiques-2025\/#primaryimage\",\"url\":\"https:\/\/ngi-webshop.weareantenna.dev\/wp-content\/uploads\/2025\/04\/1100-pour-topo-AR.png\",\"contentUrl\":\"https:\/\/ngi-webshop.weareantenna.dev\/wp-content\/uploads\/2025\/04\/1100-pour-topo-AR.png\"},{\"@type\":\"BreadcrumbList\",\"@id\":\"https:\/\/shop.ngi.be\/fr\/cartes-topographiques-2025\/#breadcrumb\",\"itemListElement\":[{\"@type\":\"ListItem\",\"position\":1,\"name\":\"Home\",\"item\":\"https:\/\/shop.ngi.be\/fr\/\"},{\"@type\":\"ListItem\",\"position\":2,\"name\":\"Cartes topographiques\"}]},{\"@type\":\"WebSite\",\"@id\":\"https:\/\/shop.ngi.be\/nl\/#website\",\"url\":\"https:\/\/shop.ngi.be\/nl\/\",\"name\":\"Webshop de l'Institut g\u00e9ographique national\",\"description\":\"Cartes topographiques, databases, orthophotos et photos a\u00e9riennes\",\"potentialAction\":[{\"@type\":\"SearchAction\",\"target\":{\"@type\":\"EntryPoint\",\"urlTemplate\":\"https:\/\/shop.ngi.be\/nl\/?s={search_term_string}\"},\"query-input\":{\"@type\":\"PropertyValueSpecification\",\"valueRequired\":true,\"valueName\":\"search_term_string\"}}],\"inLanguage\":\"fr-FR\"}]}<\/script>\n<!-- \/ Yoast SEO plugin. -->","yoast_head_json":{"title":"Cartes topographiques - Webshop de l'Institut g\u00e9ographique national","robots":{"index":"index","follow":"follow","max-snippet":"max-snippet:-1","max-image-preview":"max-image-preview:large","max-video-preview":"max-video-preview:-1"},"canonical":"https:\/\/shop.ngi.be\/fr\/cartes-topographiques-2025\/","og_locale":"fr_FR","og_type":"article","og_title":"Cartes topographiques - Webshop de l'Institut g\u00e9ographique national","og_description":"L\u2019Institut g\u00e9ographique national produit quatre s\u00e9ries de cartes topographiques. Il s\u2019agit du Topo25, Topo50, Topo100 et Topo250. Chacune de ces s\u00e9ries de cartes topographiques a sa propre \u00e9chelle et est con\u00e7ue pour un usage sp\u00e9cifique. Vous trouverez ci-dessous un aper\u00e7u des diff\u00e9rentes s\u00e9ries. Topo25 Le Topo25 est caract\u00e9ris\u00e9 par un champ cartographique de 16 x [&hellip;]","og_url":"https:\/\/shop.ngi.be\/fr\/cartes-topographiques-2025\/","og_site_name":"Webshop de l'Institut g\u00e9ographique national","article_modified_time":"2025-09-17T12:36:27+00:00","og_image":[{"url":"https:\/\/ngi-webshop.weareantenna.dev\/wp-content\/uploads\/2025\/04\/1100-pour-topo-AR.png","type":"","width":"","height":""}],"twitter_card":"summary_large_image","twitter_misc":{"Dur\u00e9e de lecture estim\u00e9e":"3 minutes"},"schema":{"@context":"https:\/\/schema.org","@graph":[{"@type":"WebPage","@id":"https:\/\/shop.ngi.be\/fr\/cartes-topographiques-2025\/","url":"https:\/\/shop.ngi.be\/fr\/cartes-topographiques-2025\/","name":"Cartes topographiques - Webshop de l'Institut g\u00e9ographique national","isPartOf":{"@id":"https:\/\/shop.ngi.be\/nl\/#website"},"primaryImageOfPage":{"@id":"https:\/\/shop.ngi.be\/fr\/cartes-topographiques-2025\/#primaryimage"},"image":{"@id":"https:\/\/shop.ngi.be\/fr\/cartes-topographiques-2025\/#primaryimage"},"thumbnailUrl":"https:\/\/ngi-webshop.weareantenna.dev\/wp-content\/uploads\/2025\/04\/1100-pour-topo-AR.png","datePublished":"2025-06-12T10:42:28+00:00","dateModified":"2025-09-17T12:36:27+00:00","breadcrumb":{"@id":"https:\/\/shop.ngi.be\/fr\/cartes-topographiques-2025\/#breadcrumb"},"inLanguage":"fr-FR","potentialAction":[{"@type":"ReadAction","target":["https:\/\/shop.ngi.be\/fr\/cartes-topographiques-2025\/"]}]},{"@type":"ImageObject","inLanguage":"fr-FR","@id":"https:\/\/shop.ngi.be\/fr\/cartes-topographiques-2025\/#primaryimage","url":"https:\/\/ngi-webshop.weareantenna.dev\/wp-content\/uploads\/2025\/04\/1100-pour-topo-AR.png","contentUrl":"https:\/\/ngi-webshop.weareantenna.dev\/wp-content\/uploads\/2025\/04\/1100-pour-topo-AR.png"},{"@type":"BreadcrumbList","@id":"https:\/\/shop.ngi.be\/fr\/cartes-topographiques-2025\/#breadcrumb","itemListElement":[{"@type":"ListItem","position":1,"name":"Home","item":"https:\/\/shop.ngi.be\/fr\/"},{"@type":"ListItem","position":2,"name":"Cartes topographiques"}]},{"@type":"WebSite","@id":"https:\/\/shop.ngi.be\/nl\/#website","url":"https:\/\/shop.ngi.be\/nl\/","name":"Webshop de l'Institut g\u00e9ographique national","description":"Cartes topographiques, databases, orthophotos et photos a\u00e9riennes","potentialAction":[{"@type":"SearchAction","target":{"@type":"EntryPoint","urlTemplate":"https:\/\/shop.ngi.be\/nl\/?s={search_term_string}"},"query-input":{"@type":"PropertyValueSpecification","valueRequired":true,"valueName":"search_term_string"}}],"inLanguage":"fr-FR"}]}},"_links":{"self":[{"href":"https:\/\/shop.ngi.be\/fr\/wp-json\/wp\/v2\/pages\/77928","targetHints":{"allow":["GET"]}}],"collection":[{"href":"https:\/\/shop.ngi.be\/fr\/wp-json\/wp\/v2\/pages"}],"about":[{"href":"https:\/\/shop.ngi.be\/fr\/wp-json\/wp\/v2\/types\/page"}],"author":[{"embeddable":true,"href":"https:\/\/shop.ngi.be\/fr\/wp-json\/wp\/v2\/users\/8"}],"replies":[{"embeddable":true,"href":"https:\/\/shop.ngi.be\/fr\/wp-json\/wp\/v2\/comments?post=77928"}],"version-history":[{"count":8,"href":"https:\/\/shop.ngi.be\/fr\/wp-json\/wp\/v2\/pages\/77928\/revisions"}],"predecessor-version":[{"id":80183,"href":"https:\/\/shop.ngi.be\/fr\/wp-json\/wp\/v2\/pages\/77928\/revisions\/80183"}],"wp:attachment":[{"href":"https:\/\/shop.ngi.be\/fr\/wp-json\/wp\/v2\/media?parent=77928"}],"curies":[{"name":"wp","href":"https:\/\/api.w.org\/{rel}","templated":true}]}}