{"id":79900,"date":"2025-08-29T15:51:01","date_gmt":"2025-08-29T14:51:01","guid":{"rendered":"https:\/\/shop.ngi.be\/?page_id=79900"},"modified":"2025-08-29T15:51:01","modified_gmt":"2025-08-29T14:51:01","slug":"les-plastifications","status":"publish","type":"page","link":"https:\/\/shop.ngi.be\/fr\/les-plastifications\/","title":{"rendered":"Les plastifications"},"content":{"rendered":"<h4><img loading=\"lazy\" decoding=\"async\" class=\"wp-image-73529 size-full aligncenter\" src=\"https:\/\/ngi-webshop.weareantenna.dev\/wp-content\/uploads\/2025\/08\/plastific-test-arrondi.png\" alt=\"\" width=\"1099\" height=\"400\" \/><\/h4>\n<h4><\/h4>\n<p>&nbsp;<\/p>\n<h4><strong>O\u00f9 choisir la plastification?<\/strong><\/h4>\n<p>La plastification peut \u00eatre demand\u00e9e de 2 mani\u00e8res diff\u00e9rentes :<\/p>\n<p><strong>1. Dans la fiche produit :<\/strong><\/p>\n<div class=\"table-wrapper\"><table>\n<tbody>\n<tr>\n<td width=\"178\"><img loading=\"lazy\" decoding=\"async\" class=\"size-full wp-image-73440 aligncenter\" src=\"https:\/\/ngi-webshop.weareantenna.dev\/wp-content\/uploads\/2025\/08\/FP-1-3-satur-arrondi-test.png\" alt=\"\" width=\"1000\" height=\"487\" \/><\/td>\n<td width=\"178\"><img loading=\"lazy\" decoding=\"async\" class=\"size-full wp-image-73455 aligncenter\" src=\"https:\/\/ngi-webshop.weareantenna.dev\/wp-content\/uploads\/2025\/08\/FP-2-satur-3-2-arrondi.png\" alt=\"\" width=\"1000\" height=\"483\" \/><\/td>\n<\/tr>\n<\/tbody>\n<\/table><\/div>\n<p style=\"text-align: left;\"><strong>2. Via le panier :<\/strong><\/p>\n<div class=\"table-wrapper\"><table>\n<tbody>\n<tr>\n<td width=\"178\"><img loading=\"lazy\" decoding=\"async\" class=\"wp-image-73448 size-full aligncenter\" src=\"https:\/\/ngi-webshop.weareantenna.dev\/wp-content\/uploads\/2025\/08\/plastic-1-3-satur-arrondi.png\" alt=\"\" width=\"1000\" height=\"515\" \/><\/td>\n<td width=\"178\"><img loading=\"lazy\" decoding=\"async\" class=\"wp-image-73450 size-full aligncenter\" src=\"https:\/\/ngi-webshop.weareantenna.dev\/wp-content\/uploads\/2025\/08\/plastic-2-3-satur-arrondi.png\" alt=\"\" width=\"1000\" height=\"511\" \/><\/td>\n<td width=\"178\"><img loading=\"lazy\" decoding=\"async\" class=\"alignnone wp-image-73457 size-full\" src=\"https:\/\/ngi-webshop.weareantenna.dev\/wp-content\/uploads\/2025\/08\/plastic-3-satur-3-2-arrondi.png\" alt=\"\" width=\"1000\" height=\"512\" \/><\/td>\n<\/tr>\n<\/tbody>\n<\/table><\/div>\n<p><strong>Remarque concernant\u00a0les produits personnalis\u00e9s (photos a\u00e9riennes, Print-on-demand, cartes historiques) <\/strong>:<\/p>\n<p>Pr\u00e9cisez simplement le type de plastification dans le bon de commande (formulaire).<br \/>\nCes cartes ne sont pas pli\u00e9es. Les frais d\u2019envoi d\u2019une carte non pli\u00e9e s\u2019\u00e9l\u00e8vent \u00e0 11 \u20ac avec code de suivi (Track &amp; Trace).<\/p>\n<hr \/>\n<h4><\/h4>\n<h4>Quels sont les choix et sp\u00e9cificit\u00e9s de plastification\u00a0 ?<\/h4>\n<p><strong>\u2013 brillant (recto) \/ brillant (verso)<br \/>\n\u2013 mat (recto) \/ brillant (verso)<br \/>\n\u2013 mat (recto) \/ mat (verso)<\/strong><\/p>\n<p><strong>La plastification \u201cbrillant\u201d :<\/strong><br \/>\n\u2013 est moins ch\u00e8re que la plastification mat<br \/>\n\u2013 est plus \u00e9paisse que la plastification mat<br \/>\n\u2013 est lisse ce qui peut entra\u00eener des reflets selon l\u2019orientation de la source lumineuse<br \/>\n\u2013 permet l\u2019utilisation de marqueurs effa\u00e7ables pour tableau.<\/p>\n<p><strong>La plastification \u201cmat\u201d :<\/strong><br \/>\n\u2013 est plus ch\u00e8re que la plastification brillant<br \/>\n\u2013 est moins \u00e9paisse que la plastification brillant<br \/>\n\u2013 contient des micro-rainures qui \u00e9vite d\u2019avoir des reflets<br \/>\n\u2013 contient des micro-rainures qui emp\u00eache l\u2019utilisation de marqueurs effa\u00e7ables.<\/p>\n<p><strong><span style=\"color: #ff0000;\">Remarques :<\/span><\/strong><\/p>\n<p><strong>!<\/strong>\u00a0\u00a0La plastification <strong>mat\/brillant<\/strong> est recommand\u00e9e <strong>pour les cartes sans verso<\/strong> (entre autre les cartes topographiques (25k, 50k, 100k &amp; 250k)).<strong>\u00a0<\/strong><\/p>\n<p><strong>!<\/strong> Pour la carte Low-Air, seule la plastification mat-mat est possible et ce pour des raisons de s\u00e9curit\u00e9 (reflets).<\/p>\n<hr \/>\n<h4><\/h4>\n<h4>Quels sont les prix de plastification?<\/h4>\n<p><strong>Pour les cartes topographiques standards et les cartes touristiques &amp; th\u00e9matiques :<\/strong><\/p>\n<p>brillant (recto) \/ brillant (verso) : prix de la carte + 7 \u20ac<br \/>\nmat (recto) \/ brillant (verso) : prix de la carte + 13 \u20ac<br \/>\nmat (recto) \/ mat (verso) : prix de la carte + 18 \u20ac<\/p>\n<p><strong>Pour les produits personnalis\u00e9s \u201cPrint-on-demand\u201d :<\/strong><\/p>\n<p>brillant (recto) \/ brillant (verso) : prix de la carte + 11 \u20ac\/m\u00b2<br \/>\nmat (recto) \/ brillant (verso) : prix de la carte + 22 \u20ac\/m\u00b2<br \/>\nmat (recto) \/ mat (verso) : prix de la carte + 28 \u20ac\/m\u00b2<\/p>\n","protected":false},"excerpt":{"rendered":"<p>&nbsp; O\u00f9 choisir la plastification? La plastification peut \u00eatre demand\u00e9e de 2 mani\u00e8res diff\u00e9rentes : 1. Dans la fiche produit : 2. Via le panier : Remarque concernant\u00a0les produits personnalis\u00e9s (photos a\u00e9riennes, Print-on-demand, cartes historiques) : Pr\u00e9cisez simplement le type de plastification dans le bon de commande (formulaire). Ces cartes ne sont pas pli\u00e9es. Les [&hellip;]<\/p>\n","protected":false},"author":8,"featured_media":0,"parent":0,"menu_order":1,"comment_status":"closed","ping_status":"closed","template":"template-fullwidth.php","meta":{"_acf_changed":false,"footnotes":""},"class_list":["post-79900","page","type-page","status-publish","hentry"],"acf":[],"yoast_head":"<!-- This site is optimized with the Yoast SEO plugin v26.6 - https:\/\/yoast.com\/wordpress\/plugins\/seo\/ -->\n<title>Les plastifications - Webshop de l&#039;Institut g\u00e9ographique national<\/title>\n<meta name=\"robots\" content=\"index, follow, max-snippet:-1, max-image-preview:large, max-video-preview:-1\" \/>\n<link rel=\"canonical\" href=\"https:\/\/shop.ngi.be\/fr\/les-plastifications\/\" \/>\n<meta property=\"og:locale\" content=\"fr_FR\" \/>\n<meta property=\"og:type\" content=\"article\" \/>\n<meta property=\"og:title\" content=\"Les plastifications - Webshop de l&#039;Institut g\u00e9ographique national\" \/>\n<meta property=\"og:description\" content=\"&nbsp; O\u00f9 choisir la plastification? La plastification peut \u00eatre demand\u00e9e de 2 mani\u00e8res diff\u00e9rentes : 1. Dans la fiche produit : 2. Via le panier : Remarque concernant\u00a0les produits personnalis\u00e9s (photos a\u00e9riennes, Print-on-demand, cartes historiques) : Pr\u00e9cisez simplement le type de plastification dans le bon de commande (formulaire). Ces cartes ne sont pas pli\u00e9es. Les [&hellip;]\" \/>\n<meta property=\"og:url\" content=\"https:\/\/shop.ngi.be\/fr\/les-plastifications\/\" \/>\n<meta property=\"og:site_name\" content=\"Webshop de l&#039;Institut g\u00e9ographique national\" \/>\n<meta property=\"og:image\" content=\"https:\/\/ngi-webshop.weareantenna.dev\/wp-content\/uploads\/2025\/08\/plastific-test-arrondi.png\" \/>\n<meta name=\"twitter:card\" content=\"summary_large_image\" \/>\n<meta name=\"twitter:label1\" content=\"Dur\u00e9e de lecture estim\u00e9e\" \/>\n\t<meta name=\"twitter:data1\" content=\"3 minutes\" \/>\n<script type=\"application\/ld+json\" class=\"yoast-schema-graph\">{\"@context\":\"https:\/\/schema.org\",\"@graph\":[{\"@type\":\"WebPage\",\"@id\":\"https:\/\/shop.ngi.be\/fr\/les-plastifications\/\",\"url\":\"https:\/\/shop.ngi.be\/fr\/les-plastifications\/\",\"name\":\"Les plastifications - Webshop de l'Institut g\u00e9ographique national\",\"isPartOf\":{\"@id\":\"https:\/\/shop.ngi.be\/nl\/#website\"},\"primaryImageOfPage\":{\"@id\":\"https:\/\/shop.ngi.be\/fr\/les-plastifications\/#primaryimage\"},\"image\":{\"@id\":\"https:\/\/shop.ngi.be\/fr\/les-plastifications\/#primaryimage\"},\"thumbnailUrl\":\"https:\/\/ngi-webshop.weareantenna.dev\/wp-content\/uploads\/2025\/08\/plastific-test-arrondi.png\",\"datePublished\":\"2025-08-29T14:51:01+00:00\",\"breadcrumb\":{\"@id\":\"https:\/\/shop.ngi.be\/fr\/les-plastifications\/#breadcrumb\"},\"inLanguage\":\"fr-FR\",\"potentialAction\":[{\"@type\":\"ReadAction\",\"target\":[\"https:\/\/shop.ngi.be\/fr\/les-plastifications\/\"]}]},{\"@type\":\"ImageObject\",\"inLanguage\":\"fr-FR\",\"@id\":\"https:\/\/shop.ngi.be\/fr\/les-plastifications\/#primaryimage\",\"url\":\"https:\/\/ngi-webshop.weareantenna.dev\/wp-content\/uploads\/2025\/08\/plastific-test-arrondi.png\",\"contentUrl\":\"https:\/\/ngi-webshop.weareantenna.dev\/wp-content\/uploads\/2025\/08\/plastific-test-arrondi.png\"},{\"@type\":\"BreadcrumbList\",\"@id\":\"https:\/\/shop.ngi.be\/fr\/les-plastifications\/#breadcrumb\",\"itemListElement\":[{\"@type\":\"ListItem\",\"position\":1,\"name\":\"Home\",\"item\":\"https:\/\/shop.ngi.be\/fr\/\"},{\"@type\":\"ListItem\",\"position\":2,\"name\":\"Les plastifications\"}]},{\"@type\":\"WebSite\",\"@id\":\"https:\/\/shop.ngi.be\/nl\/#website\",\"url\":\"https:\/\/shop.ngi.be\/nl\/\",\"name\":\"Webshop de l'Institut g\u00e9ographique national\",\"description\":\"Cartes topographiques, databases, orthophotos et photos a\u00e9riennes\",\"potentialAction\":[{\"@type\":\"SearchAction\",\"target\":{\"@type\":\"EntryPoint\",\"urlTemplate\":\"https:\/\/shop.ngi.be\/nl\/?s={search_term_string}\"},\"query-input\":{\"@type\":\"PropertyValueSpecification\",\"valueRequired\":true,\"valueName\":\"search_term_string\"}}],\"inLanguage\":\"fr-FR\"}]}<\/script>\n<!-- \/ Yoast SEO plugin. -->","yoast_head_json":{"title":"Les plastifications - Webshop de l'Institut g\u00e9ographique national","robots":{"index":"index","follow":"follow","max-snippet":"max-snippet:-1","max-image-preview":"max-image-preview:large","max-video-preview":"max-video-preview:-1"},"canonical":"https:\/\/shop.ngi.be\/fr\/les-plastifications\/","og_locale":"fr_FR","og_type":"article","og_title":"Les plastifications - Webshop de l'Institut g\u00e9ographique national","og_description":"&nbsp; O\u00f9 choisir la plastification? La plastification peut \u00eatre demand\u00e9e de 2 mani\u00e8res diff\u00e9rentes : 1. Dans la fiche produit : 2. Via le panier : Remarque concernant\u00a0les produits personnalis\u00e9s (photos a\u00e9riennes, Print-on-demand, cartes historiques) : Pr\u00e9cisez simplement le type de plastification dans le bon de commande (formulaire). Ces cartes ne sont pas pli\u00e9es. Les [&hellip;]","og_url":"https:\/\/shop.ngi.be\/fr\/les-plastifications\/","og_site_name":"Webshop de l'Institut g\u00e9ographique national","og_image":[{"url":"https:\/\/ngi-webshop.weareantenna.dev\/wp-content\/uploads\/2025\/08\/plastific-test-arrondi.png","type":"","width":"","height":""}],"twitter_card":"summary_large_image","twitter_misc":{"Dur\u00e9e de lecture estim\u00e9e":"3 minutes"},"schema":{"@context":"https:\/\/schema.org","@graph":[{"@type":"WebPage","@id":"https:\/\/shop.ngi.be\/fr\/les-plastifications\/","url":"https:\/\/shop.ngi.be\/fr\/les-plastifications\/","name":"Les plastifications - Webshop de l'Institut g\u00e9ographique national","isPartOf":{"@id":"https:\/\/shop.ngi.be\/nl\/#website"},"primaryImageOfPage":{"@id":"https:\/\/shop.ngi.be\/fr\/les-plastifications\/#primaryimage"},"image":{"@id":"https:\/\/shop.ngi.be\/fr\/les-plastifications\/#primaryimage"},"thumbnailUrl":"https:\/\/ngi-webshop.weareantenna.dev\/wp-content\/uploads\/2025\/08\/plastific-test-arrondi.png","datePublished":"2025-08-29T14:51:01+00:00","breadcrumb":{"@id":"https:\/\/shop.ngi.be\/fr\/les-plastifications\/#breadcrumb"},"inLanguage":"fr-FR","potentialAction":[{"@type":"ReadAction","target":["https:\/\/shop.ngi.be\/fr\/les-plastifications\/"]}]},{"@type":"ImageObject","inLanguage":"fr-FR","@id":"https:\/\/shop.ngi.be\/fr\/les-plastifications\/#primaryimage","url":"https:\/\/ngi-webshop.weareantenna.dev\/wp-content\/uploads\/2025\/08\/plastific-test-arrondi.png","contentUrl":"https:\/\/ngi-webshop.weareantenna.dev\/wp-content\/uploads\/2025\/08\/plastific-test-arrondi.png"},{"@type":"BreadcrumbList","@id":"https:\/\/shop.ngi.be\/fr\/les-plastifications\/#breadcrumb","itemListElement":[{"@type":"ListItem","position":1,"name":"Home","item":"https:\/\/shop.ngi.be\/fr\/"},{"@type":"ListItem","position":2,"name":"Les plastifications"}]},{"@type":"WebSite","@id":"https:\/\/shop.ngi.be\/nl\/#website","url":"https:\/\/shop.ngi.be\/nl\/","name":"Webshop de l'Institut g\u00e9ographique national","description":"Cartes topographiques, databases, orthophotos et photos a\u00e9riennes","potentialAction":[{"@type":"SearchAction","target":{"@type":"EntryPoint","urlTemplate":"https:\/\/shop.ngi.be\/nl\/?s={search_term_string}"},"query-input":{"@type":"PropertyValueSpecification","valueRequired":true,"valueName":"search_term_string"}}],"inLanguage":"fr-FR"}]}},"_links":{"self":[{"href":"https:\/\/shop.ngi.be\/fr\/wp-json\/wp\/v2\/pages\/79900","targetHints":{"allow":["GET"]}}],"collection":[{"href":"https:\/\/shop.ngi.be\/fr\/wp-json\/wp\/v2\/pages"}],"about":[{"href":"https:\/\/shop.ngi.be\/fr\/wp-json\/wp\/v2\/types\/page"}],"author":[{"embeddable":true,"href":"https:\/\/shop.ngi.be\/fr\/wp-json\/wp\/v2\/users\/8"}],"replies":[{"embeddable":true,"href":"https:\/\/shop.ngi.be\/fr\/wp-json\/wp\/v2\/comments?post=79900"}],"version-history":[{"count":1,"href":"https:\/\/shop.ngi.be\/fr\/wp-json\/wp\/v2\/pages\/79900\/revisions"}],"predecessor-version":[{"id":79901,"href":"https:\/\/shop.ngi.be\/fr\/wp-json\/wp\/v2\/pages\/79900\/revisions\/79901"}],"wp:attachment":[{"href":"https:\/\/shop.ngi.be\/fr\/wp-json\/wp\/v2\/media?parent=79900"}],"curies":[{"name":"wp","href":"https:\/\/api.w.org\/{rel}","templated":true}]}}