{"id":41699,"date":"2020-07-31T16:03:56","date_gmt":"2020-07-31T15:03:56","guid":{"rendered":"https:\/\/shop.ngi.be\/product\/rond-om-het-meer-van-butgenbach\/"},"modified":"2026-04-28T11:37:53","modified_gmt":"2026-04-28T10:37:53","slug":"rond-om-het-meer-van-butgenbach","status":"publish","type":"product","link":"https:\/\/shop.ngi.be\/fr\/produit\/rond-om-het-meer-van-butgenbach\/","title":{"rendered":"Autour du Lac de B\u00fctgenbach"},"content":{"rendered":"<p>Tout autour de l&rsquo;attractif p\u00f4le de loisirs du lac artificiel de la Warche, une diversit\u00e9 des paysages et une abondance d&rsquo;activit\u00e9s.<\/p>\n<p>Le barrage de la Warche qui s&rsquo;\u00e9tend sur 120 ha (lac de Butgenbach) est au centre d&rsquo;un paysage typique de l&rsquo;Eifel, entour\u00e9 d&rsquo;une nature intacte, de grandes for\u00eats, de vastes \u00e9tendues verdoyantes, de magnifiques bocages de haies et des r\u00e9serves naturelles dignes d&rsquo;\u00eatre pr\u00e9serv\u00e9es.<\/p>\n<p>A deux pas, Bullange est la commune belge situ\u00e9e le plus haut en altitude.<\/p>\n<p>Une r\u00e9gion rurale et agricole marqu\u00e9e par un attachement \u00e0 la religion visible aux nombreuses croix de procession, \u00e9glises et chapelles ayant leur particularit\u00e9s architecturales. Le \u00ab\u00a0WeiBer Stein\u00a0\u00bb est le deuxi\u00e8me point culminant de la Belgique (692 m), pr\u00e8s de M\u00fcrringen, dans la zone humide des Bocksvenn.<\/p>\n<div class=\"button-wrapper\"><a class=\"btn btn-outline-primary\" href=\"https:\/\/shop.ngi.be\/fr\/les-plastifications\/\" target=\"_blank\" rel=\"noopener\">Informations sur les plastifications<\/a><\/div>\n<p>&nbsp;<\/p>\n<hr \/>\n<p><img loading=\"lazy\" decoding=\"async\" class=\"alignnone size-medium wp-image-51704\" src=\"https:\/\/shop.ngi.be\/wp-content\/uploads\/2020\/07\/Autour-du-Lac-de-Butgenbach-1-960x467.jpg\" alt=\"\" width=\"960\" height=\"467\" srcset=\"https:\/\/shop.ngi.be\/wp-content\/uploads\/2020\/07\/Autour-du-Lac-de-Butgenbach-1-960x467.jpg 960w, https:\/\/shop.ngi.be\/wp-content\/uploads\/2020\/07\/Autour-du-Lac-de-Butgenbach-1-1720x837.jpg 1720w, https:\/\/shop.ngi.be\/wp-content\/uploads\/2020\/07\/Autour-du-Lac-de-Butgenbach-1-768x374.jpg 768w, https:\/\/shop.ngi.be\/wp-content\/uploads\/2020\/07\/Autour-du-Lac-de-Butgenbach-1-1536x747.jpg 1536w, https:\/\/shop.ngi.be\/wp-content\/uploads\/2020\/07\/Autour-du-Lac-de-Butgenbach-1-416x202.jpg 416w, https:\/\/shop.ngi.be\/wp-content\/uploads\/2020\/07\/Autour-du-Lac-de-Butgenbach-1-1200x584.jpg 1200w, https:\/\/shop.ngi.be\/wp-content\/uploads\/2020\/07\/Autour-du-Lac-de-Butgenbach-1.jpg 1920w\" sizes=\"auto, (max-width: 960px) 100vw, 960px\" \/><\/p>\n<p><img loading=\"lazy\" decoding=\"async\" class=\"alignnone size-medium wp-image-51706\" src=\"https:\/\/shop.ngi.be\/wp-content\/uploads\/2020\/07\/Autour-du-Lac-de-Butgenbach-2-960x1537.jpg\" alt=\"\" width=\"960\" height=\"1537\" srcset=\"https:\/\/shop.ngi.be\/wp-content\/uploads\/2020\/07\/Autour-du-Lac-de-Butgenbach-2-960x1537.jpg 960w, https:\/\/shop.ngi.be\/wp-content\/uploads\/2020\/07\/Autour-du-Lac-de-Butgenbach-2-768x1230.jpg 768w, https:\/\/shop.ngi.be\/wp-content\/uploads\/2020\/07\/Autour-du-Lac-de-Butgenbach-2-959x1536.jpg 959w, https:\/\/shop.ngi.be\/wp-content\/uploads\/2020\/07\/Autour-du-Lac-de-Butgenbach-2-416x666.jpg 416w, https:\/\/shop.ngi.be\/wp-content\/uploads\/2020\/07\/Autour-du-Lac-de-Butgenbach-2-749x1200.jpg 749w, https:\/\/shop.ngi.be\/wp-content\/uploads\/2020\/07\/Autour-du-Lac-de-Butgenbach-2.jpg 1199w\" sizes=\"auto, (max-width: 960px) 100vw, 960px\" \/><\/p>\n<p><img loading=\"lazy\" decoding=\"async\" class=\"alignnone size-medium wp-image-51702\" src=\"https:\/\/shop.ngi.be\/wp-content\/uploads\/2020\/07\/Autour-du-Lac-de-Butgenbach-3-960x1553.jpg\" alt=\"\" width=\"960\" height=\"1553\" srcset=\"https:\/\/shop.ngi.be\/wp-content\/uploads\/2020\/07\/Autour-du-Lac-de-Butgenbach-3-960x1553.jpg 960w, https:\/\/shop.ngi.be\/wp-content\/uploads\/2020\/07\/Autour-du-Lac-de-Butgenbach-3-768x1242.jpg 768w, https:\/\/shop.ngi.be\/wp-content\/uploads\/2020\/07\/Autour-du-Lac-de-Butgenbach-3-950x1536.jpg 950w, https:\/\/shop.ngi.be\/wp-content\/uploads\/2020\/07\/Autour-du-Lac-de-Butgenbach-3-416x673.jpg 416w, https:\/\/shop.ngi.be\/wp-content\/uploads\/2020\/07\/Autour-du-Lac-de-Butgenbach-3-742x1200.jpg 742w, https:\/\/shop.ngi.be\/wp-content\/uploads\/2020\/07\/Autour-du-Lac-de-Butgenbach-3.jpg 1187w\" sizes=\"auto, (max-width: 960px) 100vw, 960px\" \/><\/p>\n","protected":false},"excerpt":{"rendered":"<p><a href=\"http:\/\/www.ostbelgien.eu\" target=\"_blank\" rel=\"noopener\">www.ostbelgien.eu<\/a><\/p>\n","protected":false},"featured_media":42592,"template":"","meta":{"_acf_changed":false},"product_brand":[],"product_cat":[51],"product_tag":[],"class_list":{"0":"post-41699","1":"product","2":"type-product","3":"status-publish","4":"has-post-thumbnail","6":"product_cat-cartes-touristiques","8":"first","9":"instock","10":"shipping-taxable","11":"purchasable","12":"product-type-variable","13":"has-default-attributes"},"acf":[],"yoast_head":"<!-- This site is optimized with the Yoast SEO plugin v26.6 - https:\/\/yoast.com\/wordpress\/plugins\/seo\/ -->\n<title>Autour du Lac de B\u00fctgenbach - Webshop de l&#039;Institut g\u00e9ographique national<\/title>\n<meta name=\"robots\" content=\"index, follow, max-snippet:-1, max-image-preview:large, max-video-preview:-1\" \/>\n<link rel=\"canonical\" href=\"https:\/\/shop.ngi.be\/fr\/produit\/rond-om-het-meer-van-butgenbach\/\" \/>\n<meta property=\"og:locale\" content=\"fr_FR\" \/>\n<meta property=\"og:type\" content=\"article\" \/>\n<meta property=\"og:title\" content=\"Autour du Lac de B\u00fctgenbach - Webshop de l&#039;Institut g\u00e9ographique national\" \/>\n<meta property=\"og:description\" content=\"www.ostbelgien.eu\" \/>\n<meta property=\"og:url\" content=\"https:\/\/shop.ngi.be\/fr\/produit\/rond-om-het-meer-van-butgenbach\/\" \/>\n<meta property=\"og:site_name\" content=\"Webshop de l&#039;Institut g\u00e9ographique national\" \/>\n<meta property=\"article:modified_time\" content=\"2026-04-28T10:37:53+00:00\" \/>\n<meta property=\"og:image\" content=\"https:\/\/shop.ngi.be\/wp-content\/uploads\/2020\/09\/TOE0083-Butgenbach.png\" \/>\n\t<meta property=\"og:image:width\" content=\"560\" \/>\n\t<meta property=\"og:image:height\" content=\"560\" \/>\n\t<meta property=\"og:image:type\" content=\"image\/png\" \/>\n<meta name=\"twitter:card\" content=\"summary_large_image\" \/>\n<meta name=\"twitter:label1\" content=\"Dur\u00e9e de lecture estim\u00e9e\" \/>\n\t<meta name=\"twitter:data1\" content=\"2 minutes\" \/>\n<script type=\"application\/ld+json\" class=\"yoast-schema-graph\">{\"@context\":\"https:\/\/schema.org\",\"@graph\":[{\"@type\":\"WebPage\",\"@id\":\"https:\/\/shop.ngi.be\/fr\/produit\/rond-om-het-meer-van-butgenbach\/\",\"url\":\"https:\/\/shop.ngi.be\/fr\/produit\/rond-om-het-meer-van-butgenbach\/\",\"name\":\"Autour du Lac de B\u00fctgenbach - Webshop de l'Institut g\u00e9ographique national\",\"isPartOf\":{\"@id\":\"https:\/\/shop.ngi.be\/nl\/#website\"},\"primaryImageOfPage\":{\"@id\":\"https:\/\/shop.ngi.be\/fr\/produit\/rond-om-het-meer-van-butgenbach\/#primaryimage\"},\"image\":{\"@id\":\"https:\/\/shop.ngi.be\/fr\/produit\/rond-om-het-meer-van-butgenbach\/#primaryimage\"},\"thumbnailUrl\":\"https:\/\/shop.ngi.be\/wp-content\/uploads\/2020\/09\/TOE0083-Butgenbach.png\",\"datePublished\":\"2020-07-31T15:03:56+00:00\",\"dateModified\":\"2026-04-28T10:37:53+00:00\",\"breadcrumb\":{\"@id\":\"https:\/\/shop.ngi.be\/fr\/produit\/rond-om-het-meer-van-butgenbach\/#breadcrumb\"},\"inLanguage\":\"fr-FR\",\"potentialAction\":[{\"@type\":\"ReadAction\",\"target\":[\"https:\/\/shop.ngi.be\/fr\/produit\/rond-om-het-meer-van-butgenbach\/\"]}]},{\"@type\":\"ImageObject\",\"inLanguage\":\"fr-FR\",\"@id\":\"https:\/\/shop.ngi.be\/fr\/produit\/rond-om-het-meer-van-butgenbach\/#primaryimage\",\"url\":\"https:\/\/shop.ngi.be\/wp-content\/uploads\/2020\/09\/TOE0083-Butgenbach.png\",\"contentUrl\":\"https:\/\/shop.ngi.be\/wp-content\/uploads\/2020\/09\/TOE0083-Butgenbach.png\",\"width\":560,\"height\":560},{\"@type\":\"BreadcrumbList\",\"@id\":\"https:\/\/shop.ngi.be\/fr\/produit\/rond-om-het-meer-van-butgenbach\/#breadcrumb\",\"itemListElement\":[{\"@type\":\"ListItem\",\"position\":1,\"name\":\"Home\",\"item\":\"https:\/\/shop.ngi.be\/fr\/\"},{\"@type\":\"ListItem\",\"position\":2,\"name\":\"Boutique\",\"item\":\"https:\/\/shop.ngi.be\/fr\/boutique\/\"},{\"@type\":\"ListItem\",\"position\":3,\"name\":\"Autour du Lac de B\u00fctgenbach\"}]},{\"@type\":\"WebSite\",\"@id\":\"https:\/\/shop.ngi.be\/nl\/#website\",\"url\":\"https:\/\/shop.ngi.be\/nl\/\",\"name\":\"Webshop de l'Institut g\u00e9ographique national\",\"description\":\"Cartes topographiques, databases, orthophotos et photos a\u00e9riennes\",\"potentialAction\":[{\"@type\":\"SearchAction\",\"target\":{\"@type\":\"EntryPoint\",\"urlTemplate\":\"https:\/\/shop.ngi.be\/nl\/?s={search_term_string}\"},\"query-input\":{\"@type\":\"PropertyValueSpecification\",\"valueRequired\":true,\"valueName\":\"search_term_string\"}}],\"inLanguage\":\"fr-FR\"}]}<\/script>\n<!-- \/ Yoast SEO plugin. -->","yoast_head_json":{"title":"Autour du Lac de B\u00fctgenbach - Webshop de l'Institut g\u00e9ographique national","robots":{"index":"index","follow":"follow","max-snippet":"max-snippet:-1","max-image-preview":"max-image-preview:large","max-video-preview":"max-video-preview:-1"},"canonical":"https:\/\/shop.ngi.be\/fr\/produit\/rond-om-het-meer-van-butgenbach\/","og_locale":"fr_FR","og_type":"article","og_title":"Autour du Lac de B\u00fctgenbach - Webshop de l'Institut g\u00e9ographique national","og_description":"www.ostbelgien.eu","og_url":"https:\/\/shop.ngi.be\/fr\/produit\/rond-om-het-meer-van-butgenbach\/","og_site_name":"Webshop de l'Institut g\u00e9ographique national","article_modified_time":"2026-04-28T10:37:53+00:00","og_image":[{"width":560,"height":560,"url":"https:\/\/shop.ngi.be\/wp-content\/uploads\/2020\/09\/TOE0083-Butgenbach.png","type":"image\/png"}],"twitter_card":"summary_large_image","twitter_misc":{"Dur\u00e9e de lecture estim\u00e9e":"2 minutes"},"schema":{"@context":"https:\/\/schema.org","@graph":[{"@type":"WebPage","@id":"https:\/\/shop.ngi.be\/fr\/produit\/rond-om-het-meer-van-butgenbach\/","url":"https:\/\/shop.ngi.be\/fr\/produit\/rond-om-het-meer-van-butgenbach\/","name":"Autour du Lac de B\u00fctgenbach - Webshop de l'Institut g\u00e9ographique national","isPartOf":{"@id":"https:\/\/shop.ngi.be\/nl\/#website"},"primaryImageOfPage":{"@id":"https:\/\/shop.ngi.be\/fr\/produit\/rond-om-het-meer-van-butgenbach\/#primaryimage"},"image":{"@id":"https:\/\/shop.ngi.be\/fr\/produit\/rond-om-het-meer-van-butgenbach\/#primaryimage"},"thumbnailUrl":"https:\/\/shop.ngi.be\/wp-content\/uploads\/2020\/09\/TOE0083-Butgenbach.png","datePublished":"2020-07-31T15:03:56+00:00","dateModified":"2026-04-28T10:37:53+00:00","breadcrumb":{"@id":"https:\/\/shop.ngi.be\/fr\/produit\/rond-om-het-meer-van-butgenbach\/#breadcrumb"},"inLanguage":"fr-FR","potentialAction":[{"@type":"ReadAction","target":["https:\/\/shop.ngi.be\/fr\/produit\/rond-om-het-meer-van-butgenbach\/"]}]},{"@type":"ImageObject","inLanguage":"fr-FR","@id":"https:\/\/shop.ngi.be\/fr\/produit\/rond-om-het-meer-van-butgenbach\/#primaryimage","url":"https:\/\/shop.ngi.be\/wp-content\/uploads\/2020\/09\/TOE0083-Butgenbach.png","contentUrl":"https:\/\/shop.ngi.be\/wp-content\/uploads\/2020\/09\/TOE0083-Butgenbach.png","width":560,"height":560},{"@type":"BreadcrumbList","@id":"https:\/\/shop.ngi.be\/fr\/produit\/rond-om-het-meer-van-butgenbach\/#breadcrumb","itemListElement":[{"@type":"ListItem","position":1,"name":"Home","item":"https:\/\/shop.ngi.be\/fr\/"},{"@type":"ListItem","position":2,"name":"Boutique","item":"https:\/\/shop.ngi.be\/fr\/boutique\/"},{"@type":"ListItem","position":3,"name":"Autour du Lac de B\u00fctgenbach"}]},{"@type":"WebSite","@id":"https:\/\/shop.ngi.be\/nl\/#website","url":"https:\/\/shop.ngi.be\/nl\/","name":"Webshop de l'Institut g\u00e9ographique national","description":"Cartes topographiques, databases, orthophotos et photos a\u00e9riennes","potentialAction":[{"@type":"SearchAction","target":{"@type":"EntryPoint","urlTemplate":"https:\/\/shop.ngi.be\/nl\/?s={search_term_string}"},"query-input":{"@type":"PropertyValueSpecification","valueRequired":true,"valueName":"search_term_string"}}],"inLanguage":"fr-FR"}]}},"_links":{"self":[{"href":"https:\/\/shop.ngi.be\/fr\/wp-json\/wp\/v2\/product\/41699","targetHints":{"allow":["GET"]}}],"collection":[{"href":"https:\/\/shop.ngi.be\/fr\/wp-json\/wp\/v2\/product"}],"about":[{"href":"https:\/\/shop.ngi.be\/fr\/wp-json\/wp\/v2\/types\/product"}],"wp:featuredmedia":[{"embeddable":true,"href":"https:\/\/shop.ngi.be\/fr\/wp-json\/wp\/v2\/media\/42592"}],"wp:attachment":[{"href":"https:\/\/shop.ngi.be\/fr\/wp-json\/wp\/v2\/media?parent=41699"}],"wp:term":[{"taxonomy":"product_brand","embeddable":true,"href":"https:\/\/shop.ngi.be\/fr\/wp-json\/wp\/v2\/product_brand?post=41699"},{"taxonomy":"product_cat","embeddable":true,"href":"https:\/\/shop.ngi.be\/fr\/wp-json\/wp\/v2\/product_cat?post=41699"},{"taxonomy":"product_tag","embeddable":true,"href":"https:\/\/shop.ngi.be\/fr\/wp-json\/wp\/v2\/product_tag?post=41699"}],"curies":[{"name":"wp","href":"https:\/\/api.w.org\/{rel}","templated":true}]}}