{"id":71399,"date":"2024-05-21T14:37:02","date_gmt":"2024-05-21T13:37:02","guid":{"rendered":"https:\/\/shop.ngi.be\/product\/de-panne-oostende\/"},"modified":"2026-02-26T10:25:39","modified_gmt":"2026-02-26T09:25:39","slug":"de-panne-oostende","status":"publish","type":"product","link":"https:\/\/shop.ngi.be\/fr\/produit\/de-panne-oostende\/","title":{"rendered":"De Panne &#8211; Oostende"},"content":{"rendered":"<h4>La c\u00f4te \u00e0 pied, un plaisir pour tous<\/h4>\n<p>Les 65 km de c\u00f4te de notre pays attirent toujours autant les amateurs et amatrices de cuistax, de gaufres et de ch\u00e2teaux de sable. Mais il est \u00e9galement possible de sortir des sentiers battus\u2026<\/p>\n<p>En effet, le r\u00e9seau de points-n\u0153uds p\u00e9destres jalonnant la c\u00f4te vous permet de vous balader \u00e0 l\u2019envi entre le Westhoek et le Zwin sans jamais risquer de vous perdre. Que vous soyez une randonneuse sur longues distances, une famille en promenade ou fan de r\u00e9serves naturelles, vous y trouverez votre bonheur.<\/p>\n<p><a href=\"https:\/\/shop.ngi.be\/fr\/produit\/de-panne-oostende\/\"><img loading=\"lazy\" decoding=\"async\" class=\"alignleft wp-image-72346\" src=\"https:\/\/shop.ngi.be\/wp-content\/uploads\/2024\/05\/De-panne-Oostende-2024-cover3.png\" alt=\"\" width=\"90\" height=\"188\" \/><\/a><a href=\"https:\/\/shop.ngi.be\/fr\/produit\/oostende-knokke-heist\/\"><img loading=\"lazy\" decoding=\"async\" class=\"alignleft wp-image-72348\" src=\"https:\/\/shop.ngi.be\/wp-content\/uploads\/2024\/05\/Oostende-Knokke-Heist-2024-cover3.png\" alt=\"\" width=\"90\" height=\"188\" \/><\/a>Les 2 cartes (<a href=\"https:\/\/shop.ngi.be\/fr\/produit\/de-panne-oostende\/\">De Panne &#8211; Oostende<\/a> et <a href=\"https:\/\/shop.ngi.be\/fr\/produit\/oostende-knokke-heist\/\">Oostende- Knokke-Heist<\/a>) reprennent par ailleurs les arr\u00eats du tram et les gares, les sentiers GR et les \u00e9l\u00e9ments topographiques indispensables.<\/p>\n<p>&nbsp;<\/p>\n<p>&nbsp;<\/p>\n<p>Koksijde, Nieuwpoort, Middelkerke.<\/p>\n<div class=\"button-wrapper\"><a class=\"btn btn-outline-primary\" href=\"https:\/\/shop.ngi.be\/fr\/les-plastifications\/\" target=\"_blank\" rel=\"noopener\">Informations sur les plastifications<\/a><\/div>\n<p>&nbsp;<\/p>\n<hr \/>\n<p><img loading=\"lazy\" decoding=\"async\" class=\"alignnone wp-image-71296 size-medium\" src=\"https:\/\/shop.ngi.be\/wp-content\/uploads\/2024\/05\/De-panne-Oostende-2024-1-960x524.png\" alt=\"\" width=\"960\" height=\"524\" srcset=\"https:\/\/shop.ngi.be\/wp-content\/uploads\/2024\/05\/De-panne-Oostende-2024-1-960x524.png 960w, https:\/\/shop.ngi.be\/wp-content\/uploads\/2024\/05\/De-panne-Oostende-2024-1-1720x939.png 1720w, https:\/\/shop.ngi.be\/wp-content\/uploads\/2024\/05\/De-panne-Oostende-2024-1-768x419.png 768w, https:\/\/shop.ngi.be\/wp-content\/uploads\/2024\/05\/De-panne-Oostende-2024-1-1536x838.png 1536w, https:\/\/shop.ngi.be\/wp-content\/uploads\/2024\/05\/De-panne-Oostende-2024-1-416x227.png 416w, https:\/\/shop.ngi.be\/wp-content\/uploads\/2024\/05\/De-panne-Oostende-2024-1-1200x655.png 1200w, https:\/\/shop.ngi.be\/wp-content\/uploads\/2024\/05\/De-panne-Oostende-2024-1.png 1920w\" sizes=\"auto, (max-width: 960px) 100vw, 960px\" \/><br \/>\n<img loading=\"lazy\" decoding=\"async\" class=\"alignnone wp-image-71298 size-medium\" src=\"https:\/\/shop.ngi.be\/wp-content\/uploads\/2024\/05\/De-panne-Oostende-2024-2-960x255.png\" alt=\"\" width=\"960\" height=\"255\" srcset=\"https:\/\/shop.ngi.be\/wp-content\/uploads\/2024\/05\/De-panne-Oostende-2024-2-960x255.png 960w, https:\/\/shop.ngi.be\/wp-content\/uploads\/2024\/05\/De-panne-Oostende-2024-2-1720x456.png 1720w, https:\/\/shop.ngi.be\/wp-content\/uploads\/2024\/05\/De-panne-Oostende-2024-2-768x204.png 768w, https:\/\/shop.ngi.be\/wp-content\/uploads\/2024\/05\/De-panne-Oostende-2024-2-1536x407.png 1536w, https:\/\/shop.ngi.be\/wp-content\/uploads\/2024\/05\/De-panne-Oostende-2024-2-416x110.png 416w, https:\/\/shop.ngi.be\/wp-content\/uploads\/2024\/05\/De-panne-Oostende-2024-2-1200x318.png 1200w, https:\/\/shop.ngi.be\/wp-content\/uploads\/2024\/05\/De-panne-Oostende-2024-2.png 1920w\" sizes=\"auto, (max-width: 960px) 100vw, 960px\" \/><br \/>\n<img loading=\"lazy\" decoding=\"async\" class=\"alignnone wp-image-71300 size-medium\" src=\"https:\/\/shop.ngi.be\/wp-content\/uploads\/2024\/05\/De-panne-Oostende-2024-3-960x255.png\" alt=\"\" width=\"960\" height=\"255\" srcset=\"https:\/\/shop.ngi.be\/wp-content\/uploads\/2024\/05\/De-panne-Oostende-2024-3-960x255.png 960w, https:\/\/shop.ngi.be\/wp-content\/uploads\/2024\/05\/De-panne-Oostende-2024-3-1720x456.png 1720w, https:\/\/shop.ngi.be\/wp-content\/uploads\/2024\/05\/De-panne-Oostende-2024-3-768x204.png 768w, https:\/\/shop.ngi.be\/wp-content\/uploads\/2024\/05\/De-panne-Oostende-2024-3-1536x407.png 1536w, https:\/\/shop.ngi.be\/wp-content\/uploads\/2024\/05\/De-panne-Oostende-2024-3-416x110.png 416w, https:\/\/shop.ngi.be\/wp-content\/uploads\/2024\/05\/De-panne-Oostende-2024-3-1200x318.png 1200w, https:\/\/shop.ngi.be\/wp-content\/uploads\/2024\/05\/De-panne-Oostende-2024-3.png 1920w\" sizes=\"auto, (max-width: 960px) 100vw, 960px\" \/><\/p>\n","protected":false},"excerpt":{"rendered":"<p>www.ngi.be<\/p>\n","protected":false},"featured_media":71323,"template":"","meta":{"_acf_changed":false},"product_brand":[],"product_cat":[51],"product_tag":[],"class_list":{"0":"post-71399","1":"product","2":"type-product","3":"status-publish","4":"has-post-thumbnail","6":"product_cat-cartes-touristiques","8":"first","9":"instock","10":"shipping-taxable","11":"purchasable","12":"product-type-variable","13":"has-default-attributes"},"acf":[],"yoast_head":"<!-- This site is optimized with the Yoast SEO plugin v26.6 - https:\/\/yoast.com\/wordpress\/plugins\/seo\/ -->\n<title>De Panne - Oostende - Webshop de l&#039;Institut g\u00e9ographique national<\/title>\n<meta name=\"robots\" content=\"index, follow, max-snippet:-1, max-image-preview:large, max-video-preview:-1\" \/>\n<link rel=\"canonical\" href=\"https:\/\/shop.ngi.be\/fr\/produit\/de-panne-oostende\/\" \/>\n<meta property=\"og:locale\" content=\"fr_FR\" \/>\n<meta property=\"og:type\" content=\"article\" \/>\n<meta property=\"og:title\" content=\"De Panne - Oostende - Webshop de l&#039;Institut g\u00e9ographique national\" \/>\n<meta property=\"og:description\" content=\"www.ngi.be\" \/>\n<meta property=\"og:url\" content=\"https:\/\/shop.ngi.be\/fr\/produit\/de-panne-oostende\/\" \/>\n<meta property=\"og:site_name\" content=\"Webshop de l&#039;Institut g\u00e9ographique national\" \/>\n<meta property=\"article:modified_time\" content=\"2026-02-26T09:25:39+00:00\" \/>\n<meta property=\"og:image\" content=\"https:\/\/shop.ngi.be\/wp-content\/uploads\/2024\/05\/De-panne-Oostende-2024-cover.png\" \/>\n\t<meta property=\"og:image:width\" content=\"560\" \/>\n\t<meta property=\"og:image:height\" content=\"560\" \/>\n\t<meta property=\"og:image:type\" content=\"image\/png\" \/>\n<meta name=\"twitter:card\" content=\"summary_large_image\" \/>\n<meta name=\"twitter:label1\" content=\"Dur\u00e9e de lecture estim\u00e9e\" \/>\n\t<meta name=\"twitter:data1\" content=\"2 minutes\" \/>\n<script type=\"application\/ld+json\" class=\"yoast-schema-graph\">{\"@context\":\"https:\/\/schema.org\",\"@graph\":[{\"@type\":\"WebPage\",\"@id\":\"https:\/\/shop.ngi.be\/fr\/produit\/de-panne-oostende\/\",\"url\":\"https:\/\/shop.ngi.be\/fr\/produit\/de-panne-oostende\/\",\"name\":\"De Panne - Oostende - Webshop de l'Institut g\u00e9ographique national\",\"isPartOf\":{\"@id\":\"https:\/\/shop.ngi.be\/nl\/#website\"},\"primaryImageOfPage\":{\"@id\":\"https:\/\/shop.ngi.be\/fr\/produit\/de-panne-oostende\/#primaryimage\"},\"image\":{\"@id\":\"https:\/\/shop.ngi.be\/fr\/produit\/de-panne-oostende\/#primaryimage\"},\"thumbnailUrl\":\"https:\/\/shop.ngi.be\/wp-content\/uploads\/2024\/05\/De-panne-Oostende-2024-cover.png\",\"datePublished\":\"2024-05-21T13:37:02+00:00\",\"dateModified\":\"2026-02-26T09:25:39+00:00\",\"breadcrumb\":{\"@id\":\"https:\/\/shop.ngi.be\/fr\/produit\/de-panne-oostende\/#breadcrumb\"},\"inLanguage\":\"fr-FR\",\"potentialAction\":[{\"@type\":\"ReadAction\",\"target\":[\"https:\/\/shop.ngi.be\/fr\/produit\/de-panne-oostende\/\"]}]},{\"@type\":\"ImageObject\",\"inLanguage\":\"fr-FR\",\"@id\":\"https:\/\/shop.ngi.be\/fr\/produit\/de-panne-oostende\/#primaryimage\",\"url\":\"https:\/\/shop.ngi.be\/wp-content\/uploads\/2024\/05\/De-panne-Oostende-2024-cover.png\",\"contentUrl\":\"https:\/\/shop.ngi.be\/wp-content\/uploads\/2024\/05\/De-panne-Oostende-2024-cover.png\",\"width\":560,\"height\":560},{\"@type\":\"BreadcrumbList\",\"@id\":\"https:\/\/shop.ngi.be\/fr\/produit\/de-panne-oostende\/#breadcrumb\",\"itemListElement\":[{\"@type\":\"ListItem\",\"position\":1,\"name\":\"Home\",\"item\":\"https:\/\/shop.ngi.be\/fr\/\"},{\"@type\":\"ListItem\",\"position\":2,\"name\":\"Boutique\",\"item\":\"https:\/\/shop.ngi.be\/fr\/boutique\/\"},{\"@type\":\"ListItem\",\"position\":3,\"name\":\"De Panne &#8211; Oostende\"}]},{\"@type\":\"WebSite\",\"@id\":\"https:\/\/shop.ngi.be\/nl\/#website\",\"url\":\"https:\/\/shop.ngi.be\/nl\/\",\"name\":\"Webshop de l'Institut g\u00e9ographique national\",\"description\":\"Cartes topographiques, databases, orthophotos et photos a\u00e9riennes\",\"potentialAction\":[{\"@type\":\"SearchAction\",\"target\":{\"@type\":\"EntryPoint\",\"urlTemplate\":\"https:\/\/shop.ngi.be\/nl\/?s={search_term_string}\"},\"query-input\":{\"@type\":\"PropertyValueSpecification\",\"valueRequired\":true,\"valueName\":\"search_term_string\"}}],\"inLanguage\":\"fr-FR\"}]}<\/script>\n<!-- \/ Yoast SEO plugin. -->","yoast_head_json":{"title":"De Panne - Oostende - Webshop de l'Institut g\u00e9ographique national","robots":{"index":"index","follow":"follow","max-snippet":"max-snippet:-1","max-image-preview":"max-image-preview:large","max-video-preview":"max-video-preview:-1"},"canonical":"https:\/\/shop.ngi.be\/fr\/produit\/de-panne-oostende\/","og_locale":"fr_FR","og_type":"article","og_title":"De Panne - Oostende - Webshop de l'Institut g\u00e9ographique national","og_description":"www.ngi.be","og_url":"https:\/\/shop.ngi.be\/fr\/produit\/de-panne-oostende\/","og_site_name":"Webshop de l'Institut g\u00e9ographique national","article_modified_time":"2026-02-26T09:25:39+00:00","og_image":[{"width":560,"height":560,"url":"https:\/\/shop.ngi.be\/wp-content\/uploads\/2024\/05\/De-panne-Oostende-2024-cover.png","type":"image\/png"}],"twitter_card":"summary_large_image","twitter_misc":{"Dur\u00e9e de lecture estim\u00e9e":"2 minutes"},"schema":{"@context":"https:\/\/schema.org","@graph":[{"@type":"WebPage","@id":"https:\/\/shop.ngi.be\/fr\/produit\/de-panne-oostende\/","url":"https:\/\/shop.ngi.be\/fr\/produit\/de-panne-oostende\/","name":"De Panne - Oostende - Webshop de l'Institut g\u00e9ographique national","isPartOf":{"@id":"https:\/\/shop.ngi.be\/nl\/#website"},"primaryImageOfPage":{"@id":"https:\/\/shop.ngi.be\/fr\/produit\/de-panne-oostende\/#primaryimage"},"image":{"@id":"https:\/\/shop.ngi.be\/fr\/produit\/de-panne-oostende\/#primaryimage"},"thumbnailUrl":"https:\/\/shop.ngi.be\/wp-content\/uploads\/2024\/05\/De-panne-Oostende-2024-cover.png","datePublished":"2024-05-21T13:37:02+00:00","dateModified":"2026-02-26T09:25:39+00:00","breadcrumb":{"@id":"https:\/\/shop.ngi.be\/fr\/produit\/de-panne-oostende\/#breadcrumb"},"inLanguage":"fr-FR","potentialAction":[{"@type":"ReadAction","target":["https:\/\/shop.ngi.be\/fr\/produit\/de-panne-oostende\/"]}]},{"@type":"ImageObject","inLanguage":"fr-FR","@id":"https:\/\/shop.ngi.be\/fr\/produit\/de-panne-oostende\/#primaryimage","url":"https:\/\/shop.ngi.be\/wp-content\/uploads\/2024\/05\/De-panne-Oostende-2024-cover.png","contentUrl":"https:\/\/shop.ngi.be\/wp-content\/uploads\/2024\/05\/De-panne-Oostende-2024-cover.png","width":560,"height":560},{"@type":"BreadcrumbList","@id":"https:\/\/shop.ngi.be\/fr\/produit\/de-panne-oostende\/#breadcrumb","itemListElement":[{"@type":"ListItem","position":1,"name":"Home","item":"https:\/\/shop.ngi.be\/fr\/"},{"@type":"ListItem","position":2,"name":"Boutique","item":"https:\/\/shop.ngi.be\/fr\/boutique\/"},{"@type":"ListItem","position":3,"name":"De Panne &#8211; Oostende"}]},{"@type":"WebSite","@id":"https:\/\/shop.ngi.be\/nl\/#website","url":"https:\/\/shop.ngi.be\/nl\/","name":"Webshop de l'Institut g\u00e9ographique national","description":"Cartes topographiques, databases, orthophotos et photos a\u00e9riennes","potentialAction":[{"@type":"SearchAction","target":{"@type":"EntryPoint","urlTemplate":"https:\/\/shop.ngi.be\/nl\/?s={search_term_string}"},"query-input":{"@type":"PropertyValueSpecification","valueRequired":true,"valueName":"search_term_string"}}],"inLanguage":"fr-FR"}]}},"_links":{"self":[{"href":"https:\/\/shop.ngi.be\/fr\/wp-json\/wp\/v2\/product\/71399","targetHints":{"allow":["GET"]}}],"collection":[{"href":"https:\/\/shop.ngi.be\/fr\/wp-json\/wp\/v2\/product"}],"about":[{"href":"https:\/\/shop.ngi.be\/fr\/wp-json\/wp\/v2\/types\/product"}],"wp:featuredmedia":[{"embeddable":true,"href":"https:\/\/shop.ngi.be\/fr\/wp-json\/wp\/v2\/media\/71323"}],"wp:attachment":[{"href":"https:\/\/shop.ngi.be\/fr\/wp-json\/wp\/v2\/media?parent=71399"}],"wp:term":[{"taxonomy":"product_brand","embeddable":true,"href":"https:\/\/shop.ngi.be\/fr\/wp-json\/wp\/v2\/product_brand?post=71399"},{"taxonomy":"product_cat","embeddable":true,"href":"https:\/\/shop.ngi.be\/fr\/wp-json\/wp\/v2\/product_cat?post=71399"},{"taxonomy":"product_tag","embeddable":true,"href":"https:\/\/shop.ngi.be\/fr\/wp-json\/wp\/v2\/product_tag?post=71399"}],"curies":[{"name":"wp","href":"https:\/\/api.w.org\/{rel}","templated":true}]}}