{"id":79100,"date":"2025-07-24T09:44:08","date_gmt":"2025-07-24T08:44:08","guid":{"rendered":"https:\/\/shop.ngi.be\/product\/provincie-luxemburg-fietsknooppunten-noord\/"},"modified":"2026-03-08T14:57:33","modified_gmt":"2026-03-08T13:57:33","slug":"provincie-luxemburg-fietsknooppunten-noord","status":"publish","type":"product","link":"https:\/\/shop.ngi.be\/fr\/produit\/provincie-luxemburg-fietsknooppunten-noord\/","title":{"rendered":"Province de Luxembourg &#8211; Points-n\u0153uds v\u00e9lo &#8211; nord"},"content":{"rendered":"<div class=\"button-wrapper\"><a class=\"btn btn-outline-primary\" href=\"https:\/\/shop.ngi.be\/fr\/produit\/provincie-luxemburg-fietsknooppunten-centrum\/\" rel=\"noopener\">Province de Luxembourg &#8211; Points-n\u0153uds v\u00e9lo &#8211; centre<\/a><\/div>\n<div class=\"button-wrapper\"><a class=\"btn btn-outline-primary\" href=\"https:\/\/shop.ngi.be\/fr\/produit\/provincie-luxemburg-fietsknooppunten-zuid\/\" rel=\"noopener\">Province de Luxembourg &#8211; Points-n\u0153uds v\u00e9lo &#8211; sud<\/a><\/div>\n<div><\/div>\n<div><\/div>\n<div class=\"button-wrapper\"><a class=\"btn btn-outline-primary\" href=\"https:\/\/shop.ngi.be\/fr\/les-plastifications\/\" target=\"_blank\" rel=\"noopener\">Informations sur les plastifications<\/a><\/div>\n<p>&nbsp;<\/p>\n<hr \/>\n<p>Bastogne, Durbuy, Erez\u00e9e, Gouvy, Hotton, Houffalize, La Roche-en-Ardenne, Manhay, Marche-en-Famenne, Nassogne, Rendeux, Sainte-Ode, Saint-Hubert, Tenneville, Vielsalm.<\/p>\n<hr \/>\n<p><img loading=\"lazy\" decoding=\"async\" class=\"alignnone wp-image-79028 size-medium\" src=\"https:\/\/shop.ngi.be\/wp-content\/uploads\/2025\/07\/Province-de-Luxembourg-Pnvelo-nord-1-960x530.png\" alt=\"\" width=\"960\" height=\"530\" srcset=\"https:\/\/shop.ngi.be\/wp-content\/uploads\/2025\/07\/Province-de-Luxembourg-Pnvelo-nord-1-960x530.png 960w, https:\/\/shop.ngi.be\/wp-content\/uploads\/2025\/07\/Province-de-Luxembourg-Pnvelo-nord-1-1720x949.png 1720w, https:\/\/shop.ngi.be\/wp-content\/uploads\/2025\/07\/Province-de-Luxembourg-Pnvelo-nord-1-768x424.png 768w, https:\/\/shop.ngi.be\/wp-content\/uploads\/2025\/07\/Province-de-Luxembourg-Pnvelo-nord-1-1536x847.png 1536w, https:\/\/shop.ngi.be\/wp-content\/uploads\/2025\/07\/Province-de-Luxembourg-Pnvelo-nord-1-416x229.png 416w, https:\/\/shop.ngi.be\/wp-content\/uploads\/2025\/07\/Province-de-Luxembourg-Pnvelo-nord-1-1200x662.png 1200w, https:\/\/shop.ngi.be\/wp-content\/uploads\/2025\/07\/Province-de-Luxembourg-Pnvelo-nord-1.png 1920w\" sizes=\"auto, (max-width: 960px) 100vw, 960px\" \/><br \/>\n<img loading=\"lazy\" decoding=\"async\" class=\"alignnone wp-image-79030 size-medium\" src=\"https:\/\/shop.ngi.be\/wp-content\/uploads\/2025\/07\/Province-de-Luxembourg-Pnvelo-nord-2-960x691.png\" alt=\"\" width=\"960\" height=\"691\" srcset=\"https:\/\/shop.ngi.be\/wp-content\/uploads\/2025\/07\/Province-de-Luxembourg-Pnvelo-nord-2-960x691.png 960w, https:\/\/shop.ngi.be\/wp-content\/uploads\/2025\/07\/Province-de-Luxembourg-Pnvelo-nord-2-1720x1238.png 1720w, https:\/\/shop.ngi.be\/wp-content\/uploads\/2025\/07\/Province-de-Luxembourg-Pnvelo-nord-2-768x553.png 768w, https:\/\/shop.ngi.be\/wp-content\/uploads\/2025\/07\/Province-de-Luxembourg-Pnvelo-nord-2-1536x1106.png 1536w, https:\/\/shop.ngi.be\/wp-content\/uploads\/2025\/07\/Province-de-Luxembourg-Pnvelo-nord-2-416x299.png 416w, https:\/\/shop.ngi.be\/wp-content\/uploads\/2025\/07\/Province-de-Luxembourg-Pnvelo-nord-2-1200x864.png 1200w, https:\/\/shop.ngi.be\/wp-content\/uploads\/2025\/07\/Province-de-Luxembourg-Pnvelo-nord-2.png 1920w\" sizes=\"auto, (max-width: 960px) 100vw, 960px\" \/><br \/>\n<img loading=\"lazy\" decoding=\"async\" class=\"alignnone wp-image-79026 size-medium\" src=\"https:\/\/shop.ngi.be\/wp-content\/uploads\/2025\/07\/Province-de-Luxembourg-Pnvelo-nord-3-960x690.png\" alt=\"\" width=\"960\" height=\"690\" srcset=\"https:\/\/shop.ngi.be\/wp-content\/uploads\/2025\/07\/Province-de-Luxembourg-Pnvelo-nord-3-960x690.png 960w, https:\/\/shop.ngi.be\/wp-content\/uploads\/2025\/07\/Province-de-Luxembourg-Pnvelo-nord-3-1720x1236.png 1720w, https:\/\/shop.ngi.be\/wp-content\/uploads\/2025\/07\/Province-de-Luxembourg-Pnvelo-nord-3-768x552.png 768w, https:\/\/shop.ngi.be\/wp-content\/uploads\/2025\/07\/Province-de-Luxembourg-Pnvelo-nord-3-1536x1104.png 1536w, https:\/\/shop.ngi.be\/wp-content\/uploads\/2025\/07\/Province-de-Luxembourg-Pnvelo-nord-3-416x299.png 416w, https:\/\/shop.ngi.be\/wp-content\/uploads\/2025\/07\/Province-de-Luxembourg-Pnvelo-nord-3-1200x863.png 1200w, https:\/\/shop.ngi.be\/wp-content\/uploads\/2025\/07\/Province-de-Luxembourg-Pnvelo-nord-3.png 1920w\" sizes=\"auto, (max-width: 960px) 100vw, 960px\" \/><\/p>\n","protected":false},"excerpt":{"rendered":"<p><a href=\"https:\/\/velo.province.luxembourg.be\/fr\" target=\"_blank\" rel=\"noopener\">https:\/\/velo.province.luxembourg.be\/fr<\/a><\/p>\n","protected":false},"featured_media":79025,"template":"","meta":{"_acf_changed":false},"product_brand":[],"product_cat":[51],"product_tag":[],"class_list":{"0":"post-79100","1":"product","2":"type-product","3":"status-publish","4":"has-post-thumbnail","6":"product_cat-cartes-touristiques","8":"first","9":"instock","10":"shipping-taxable","11":"purchasable","12":"product-type-variable","13":"has-default-attributes"},"acf":[],"yoast_head":"<!-- This site is optimized with the Yoast SEO plugin v26.6 - https:\/\/yoast.com\/wordpress\/plugins\/seo\/ -->\n<title>Province de Luxembourg - Points-n\u0153uds v\u00e9lo - nord - Webshop de l&#039;Institut g\u00e9ographique national<\/title>\n<meta name=\"robots\" content=\"index, follow, max-snippet:-1, max-image-preview:large, max-video-preview:-1\" \/>\n<link rel=\"canonical\" href=\"https:\/\/shop.ngi.be\/fr\/produit\/provincie-luxemburg-fietsknooppunten-noord\/\" \/>\n<meta property=\"og:locale\" content=\"fr_FR\" \/>\n<meta property=\"og:type\" content=\"article\" \/>\n<meta property=\"og:title\" content=\"Province de Luxembourg - Points-n\u0153uds v\u00e9lo - nord - Webshop de l&#039;Institut g\u00e9ographique national\" \/>\n<meta property=\"og:description\" content=\"https:\/\/velo.province.luxembourg.be\/fr\" \/>\n<meta property=\"og:url\" content=\"https:\/\/shop.ngi.be\/fr\/produit\/provincie-luxemburg-fietsknooppunten-noord\/\" \/>\n<meta property=\"og:site_name\" content=\"Webshop de l&#039;Institut g\u00e9ographique national\" \/>\n<meta property=\"article:modified_time\" content=\"2026-03-08T13:57:33+00:00\" \/>\n<meta property=\"og:image\" content=\"https:\/\/shop.ngi.be\/wp-content\/uploads\/2025\/07\/cover-fiche-Province-de-Luxembourg-Pnvelo-nord.png\" \/>\n\t<meta property=\"og:image:width\" content=\"560\" \/>\n\t<meta property=\"og:image:height\" content=\"560\" \/>\n\t<meta property=\"og:image:type\" content=\"image\/png\" \/>\n<meta name=\"twitter:card\" content=\"summary_large_image\" \/>\n<meta name=\"twitter:label1\" content=\"Dur\u00e9e de lecture estim\u00e9e\" \/>\n\t<meta name=\"twitter:data1\" content=\"1 minute\" \/>\n<script type=\"application\/ld+json\" class=\"yoast-schema-graph\">{\"@context\":\"https:\/\/schema.org\",\"@graph\":[{\"@type\":\"WebPage\",\"@id\":\"https:\/\/shop.ngi.be\/fr\/produit\/provincie-luxemburg-fietsknooppunten-noord\/\",\"url\":\"https:\/\/shop.ngi.be\/fr\/produit\/provincie-luxemburg-fietsknooppunten-noord\/\",\"name\":\"Province de Luxembourg - Points-n\u0153uds v\u00e9lo - nord - Webshop de l'Institut g\u00e9ographique national\",\"isPartOf\":{\"@id\":\"https:\/\/shop.ngi.be\/nl\/#website\"},\"primaryImageOfPage\":{\"@id\":\"https:\/\/shop.ngi.be\/fr\/produit\/provincie-luxemburg-fietsknooppunten-noord\/#primaryimage\"},\"image\":{\"@id\":\"https:\/\/shop.ngi.be\/fr\/produit\/provincie-luxemburg-fietsknooppunten-noord\/#primaryimage\"},\"thumbnailUrl\":\"https:\/\/shop.ngi.be\/wp-content\/uploads\/2025\/07\/cover-fiche-Province-de-Luxembourg-Pnvelo-nord.png\",\"datePublished\":\"2025-07-24T08:44:08+00:00\",\"dateModified\":\"2026-03-08T13:57:33+00:00\",\"breadcrumb\":{\"@id\":\"https:\/\/shop.ngi.be\/fr\/produit\/provincie-luxemburg-fietsknooppunten-noord\/#breadcrumb\"},\"inLanguage\":\"fr-FR\",\"potentialAction\":[{\"@type\":\"ReadAction\",\"target\":[\"https:\/\/shop.ngi.be\/fr\/produit\/provincie-luxemburg-fietsknooppunten-noord\/\"]}]},{\"@type\":\"ImageObject\",\"inLanguage\":\"fr-FR\",\"@id\":\"https:\/\/shop.ngi.be\/fr\/produit\/provincie-luxemburg-fietsknooppunten-noord\/#primaryimage\",\"url\":\"https:\/\/shop.ngi.be\/wp-content\/uploads\/2025\/07\/cover-fiche-Province-de-Luxembourg-Pnvelo-nord.png\",\"contentUrl\":\"https:\/\/shop.ngi.be\/wp-content\/uploads\/2025\/07\/cover-fiche-Province-de-Luxembourg-Pnvelo-nord.png\",\"width\":560,\"height\":560},{\"@type\":\"BreadcrumbList\",\"@id\":\"https:\/\/shop.ngi.be\/fr\/produit\/provincie-luxemburg-fietsknooppunten-noord\/#breadcrumb\",\"itemListElement\":[{\"@type\":\"ListItem\",\"position\":1,\"name\":\"Home\",\"item\":\"https:\/\/shop.ngi.be\/fr\/\"},{\"@type\":\"ListItem\",\"position\":2,\"name\":\"Boutique\",\"item\":\"https:\/\/shop.ngi.be\/fr\/boutique\/\"},{\"@type\":\"ListItem\",\"position\":3,\"name\":\"Province de Luxembourg &#8211; Points-n\u0153uds v\u00e9lo &#8211; nord\"}]},{\"@type\":\"WebSite\",\"@id\":\"https:\/\/shop.ngi.be\/nl\/#website\",\"url\":\"https:\/\/shop.ngi.be\/nl\/\",\"name\":\"Webshop de l'Institut g\u00e9ographique national\",\"description\":\"Cartes topographiques, databases, orthophotos et photos a\u00e9riennes\",\"potentialAction\":[{\"@type\":\"SearchAction\",\"target\":{\"@type\":\"EntryPoint\",\"urlTemplate\":\"https:\/\/shop.ngi.be\/nl\/?s={search_term_string}\"},\"query-input\":{\"@type\":\"PropertyValueSpecification\",\"valueRequired\":true,\"valueName\":\"search_term_string\"}}],\"inLanguage\":\"fr-FR\"}]}<\/script>\n<!-- \/ Yoast SEO plugin. -->","yoast_head_json":{"title":"Province de Luxembourg - Points-n\u0153uds v\u00e9lo - nord - Webshop de l'Institut g\u00e9ographique national","robots":{"index":"index","follow":"follow","max-snippet":"max-snippet:-1","max-image-preview":"max-image-preview:large","max-video-preview":"max-video-preview:-1"},"canonical":"https:\/\/shop.ngi.be\/fr\/produit\/provincie-luxemburg-fietsknooppunten-noord\/","og_locale":"fr_FR","og_type":"article","og_title":"Province de Luxembourg - Points-n\u0153uds v\u00e9lo - nord - Webshop de l'Institut g\u00e9ographique national","og_description":"https:\/\/velo.province.luxembourg.be\/fr","og_url":"https:\/\/shop.ngi.be\/fr\/produit\/provincie-luxemburg-fietsknooppunten-noord\/","og_site_name":"Webshop de l'Institut g\u00e9ographique national","article_modified_time":"2026-03-08T13:57:33+00:00","og_image":[{"width":560,"height":560,"url":"https:\/\/shop.ngi.be\/wp-content\/uploads\/2025\/07\/cover-fiche-Province-de-Luxembourg-Pnvelo-nord.png","type":"image\/png"}],"twitter_card":"summary_large_image","twitter_misc":{"Dur\u00e9e de lecture estim\u00e9e":"1 minute"},"schema":{"@context":"https:\/\/schema.org","@graph":[{"@type":"WebPage","@id":"https:\/\/shop.ngi.be\/fr\/produit\/provincie-luxemburg-fietsknooppunten-noord\/","url":"https:\/\/shop.ngi.be\/fr\/produit\/provincie-luxemburg-fietsknooppunten-noord\/","name":"Province de Luxembourg - Points-n\u0153uds v\u00e9lo - nord - Webshop de l'Institut g\u00e9ographique national","isPartOf":{"@id":"https:\/\/shop.ngi.be\/nl\/#website"},"primaryImageOfPage":{"@id":"https:\/\/shop.ngi.be\/fr\/produit\/provincie-luxemburg-fietsknooppunten-noord\/#primaryimage"},"image":{"@id":"https:\/\/shop.ngi.be\/fr\/produit\/provincie-luxemburg-fietsknooppunten-noord\/#primaryimage"},"thumbnailUrl":"https:\/\/shop.ngi.be\/wp-content\/uploads\/2025\/07\/cover-fiche-Province-de-Luxembourg-Pnvelo-nord.png","datePublished":"2025-07-24T08:44:08+00:00","dateModified":"2026-03-08T13:57:33+00:00","breadcrumb":{"@id":"https:\/\/shop.ngi.be\/fr\/produit\/provincie-luxemburg-fietsknooppunten-noord\/#breadcrumb"},"inLanguage":"fr-FR","potentialAction":[{"@type":"ReadAction","target":["https:\/\/shop.ngi.be\/fr\/produit\/provincie-luxemburg-fietsknooppunten-noord\/"]}]},{"@type":"ImageObject","inLanguage":"fr-FR","@id":"https:\/\/shop.ngi.be\/fr\/produit\/provincie-luxemburg-fietsknooppunten-noord\/#primaryimage","url":"https:\/\/shop.ngi.be\/wp-content\/uploads\/2025\/07\/cover-fiche-Province-de-Luxembourg-Pnvelo-nord.png","contentUrl":"https:\/\/shop.ngi.be\/wp-content\/uploads\/2025\/07\/cover-fiche-Province-de-Luxembourg-Pnvelo-nord.png","width":560,"height":560},{"@type":"BreadcrumbList","@id":"https:\/\/shop.ngi.be\/fr\/produit\/provincie-luxemburg-fietsknooppunten-noord\/#breadcrumb","itemListElement":[{"@type":"ListItem","position":1,"name":"Home","item":"https:\/\/shop.ngi.be\/fr\/"},{"@type":"ListItem","position":2,"name":"Boutique","item":"https:\/\/shop.ngi.be\/fr\/boutique\/"},{"@type":"ListItem","position":3,"name":"Province de Luxembourg &#8211; Points-n\u0153uds v\u00e9lo &#8211; nord"}]},{"@type":"WebSite","@id":"https:\/\/shop.ngi.be\/nl\/#website","url":"https:\/\/shop.ngi.be\/nl\/","name":"Webshop de l'Institut g\u00e9ographique national","description":"Cartes topographiques, databases, orthophotos et photos a\u00e9riennes","potentialAction":[{"@type":"SearchAction","target":{"@type":"EntryPoint","urlTemplate":"https:\/\/shop.ngi.be\/nl\/?s={search_term_string}"},"query-input":{"@type":"PropertyValueSpecification","valueRequired":true,"valueName":"search_term_string"}}],"inLanguage":"fr-FR"}]}},"_links":{"self":[{"href":"https:\/\/shop.ngi.be\/fr\/wp-json\/wp\/v2\/product\/79100","targetHints":{"allow":["GET"]}}],"collection":[{"href":"https:\/\/shop.ngi.be\/fr\/wp-json\/wp\/v2\/product"}],"about":[{"href":"https:\/\/shop.ngi.be\/fr\/wp-json\/wp\/v2\/types\/product"}],"wp:featuredmedia":[{"embeddable":true,"href":"https:\/\/shop.ngi.be\/fr\/wp-json\/wp\/v2\/media\/79025"}],"wp:attachment":[{"href":"https:\/\/shop.ngi.be\/fr\/wp-json\/wp\/v2\/media?parent=79100"}],"wp:term":[{"taxonomy":"product_brand","embeddable":true,"href":"https:\/\/shop.ngi.be\/fr\/wp-json\/wp\/v2\/product_brand?post=79100"},{"taxonomy":"product_cat","embeddable":true,"href":"https:\/\/shop.ngi.be\/fr\/wp-json\/wp\/v2\/product_cat?post=79100"},{"taxonomy":"product_tag","embeddable":true,"href":"https:\/\/shop.ngi.be\/fr\/wp-json\/wp\/v2\/product_tag?post=79100"}],"curies":[{"name":"wp","href":"https:\/\/api.w.org\/{rel}","templated":true}]}}